{"id":9999,"date":"2024-10-19T18:51:36","date_gmt":"2024-10-19T15:51:36","guid":{"rendered":"https:\/\/kervanmagazacilik.com\/?post_type=product&#038;p=9999"},"modified":"2024-10-19T18:51:37","modified_gmt":"2024-10-19T15:51:37","slug":"150063000932","status":"publish","type":"product","link":"https:\/\/kervanmagazacilik.com\/index.php\/urun\/150063000932\/","title":{"rendered":"150063000932"},"content":{"rendered":"<p>150063000932<\/p>\n<p>ENZO PAMUKLUK<\/p>\n<p>Malzeme, Cam<br \/>\nAksesuar; %100 Polyester<br \/>\nKuru bezle toz al\u0131nmal\u0131d\u0131r.<\/p>\n","protected":false},"excerpt":{"rendered":"<p>150063000932 ENZO PAMUKLUK Malzeme, Cam Aksesuar; %100 Polyester Kuru bezle toz al\u0131nmal\u0131d\u0131r.<\/p>\n","protected":false},"featured_media":10000,"template":"","meta":[],"product_brand":[],"product_cat":[2150],"product_tag":[2165],"class_list":{"0":"post-9999","1":"product","2":"type-product","3":"status-publish","4":"has-post-thumbnail","6":"product_cat-2150","7":"product_tag-2165","9":"first","10":"instock","11":"taxable","12":"shipping-taxable","13":"product-type-simple"},"_links":{"self":[{"href":"https:\/\/kervanmagazacilik.com\/index.php\/wp-json\/wp\/v2\/product\/9999","targetHints":{"allow":["GET"]}}],"collection":[{"href":"https:\/\/kervanmagazacilik.com\/index.php\/wp-json\/wp\/v2\/product"}],"about":[{"href":"https:\/\/kervanmagazacilik.com\/index.php\/wp-json\/wp\/v2\/types\/product"}],"wp:featuredmedia":[{"embeddable":true,"href":"https:\/\/kervanmagazacilik.com\/index.php\/wp-json\/wp\/v2\/media\/10000"}],"wp:attachment":[{"href":"https:\/\/kervanmagazacilik.com\/index.php\/wp-json\/wp\/v2\/media?parent=9999"}],"wp:term":[{"taxonomy":"product_brand","embeddable":true,"href":"https:\/\/kervanmagazacilik.com\/index.php\/wp-json\/wp\/v2\/product_brand?post=9999"},{"taxonomy":"product_cat","embeddable":true,"href":"https:\/\/kervanmagazacilik.com\/index.php\/wp-json\/wp\/v2\/product_cat?post=9999"},{"taxonomy":"product_tag","embeddable":true,"href":"https:\/\/kervanmagazacilik.com\/index.php\/wp-json\/wp\/v2\/product_tag?post=9999"}],"curies":[{"name":"wp","href":"https:\/\/api.w.org\/{rel}","templated":true}]}}