{"id":9994,"date":"2024-10-19T18:22:43","date_gmt":"2024-10-19T15:22:43","guid":{"rendered":"https:\/\/kervanmagazacilik.com\/?post_type=product&#038;p=9994"},"modified":"2024-10-19T18:23:06","modified_gmt":"2024-10-19T15:23:06","slug":"150063000930","status":"publish","type":"product","link":"https:\/\/kervanmagazacilik.com\/index.php\/urun\/150063000930\/","title":{"rendered":"150063000930"},"content":{"rendered":"<p>150063000930<\/p>\n<p>ALMES SIVI SABUNLUK<\/p>\n<p>Malzeme, Cam<br \/>\nAksesuar; %100 Polyester<br \/>\nKuru bezle toz al\u0131nmal\u0131d\u0131r.<\/p>\n","protected":false},"excerpt":{"rendered":"<p>150063000930 ALMES SIVI SABUNLUK Malzeme, Cam Aksesuar; %100 Polyester Kuru bezle toz al\u0131nmal\u0131d\u0131r.<\/p>\n","protected":false},"featured_media":9995,"template":"","meta":[],"product_brand":[],"product_cat":[2150],"product_tag":[2163],"class_list":{"0":"post-9994","1":"product","2":"type-product","3":"status-publish","4":"has-post-thumbnail","6":"product_cat-2150","7":"product_tag-2163","9":"first","10":"instock","11":"taxable","12":"shipping-taxable","13":"product-type-simple"},"_links":{"self":[{"href":"https:\/\/kervanmagazacilik.com\/index.php\/wp-json\/wp\/v2\/product\/9994","targetHints":{"allow":["GET"]}}],"collection":[{"href":"https:\/\/kervanmagazacilik.com\/index.php\/wp-json\/wp\/v2\/product"}],"about":[{"href":"https:\/\/kervanmagazacilik.com\/index.php\/wp-json\/wp\/v2\/types\/product"}],"wp:featuredmedia":[{"embeddable":true,"href":"https:\/\/kervanmagazacilik.com\/index.php\/wp-json\/wp\/v2\/media\/9995"}],"wp:attachment":[{"href":"https:\/\/kervanmagazacilik.com\/index.php\/wp-json\/wp\/v2\/media?parent=9994"}],"wp:term":[{"taxonomy":"product_brand","embeddable":true,"href":"https:\/\/kervanmagazacilik.com\/index.php\/wp-json\/wp\/v2\/product_brand?post=9994"},{"taxonomy":"product_cat","embeddable":true,"href":"https:\/\/kervanmagazacilik.com\/index.php\/wp-json\/wp\/v2\/product_cat?post=9994"},{"taxonomy":"product_tag","embeddable":true,"href":"https:\/\/kervanmagazacilik.com\/index.php\/wp-json\/wp\/v2\/product_tag?post=9994"}],"curies":[{"name":"wp","href":"https:\/\/api.w.org\/{rel}","templated":true}]}}