{"id":9977,"date":"2024-10-19T17:52:33","date_gmt":"2024-10-19T14:52:33","guid":{"rendered":"https:\/\/kervanmagazacilik.com\/?post_type=product&#038;p=9977"},"modified":"2024-10-19T17:53:00","modified_gmt":"2024-10-19T14:53:00","slug":"150063000922","status":"publish","type":"product","link":"https:\/\/kervanmagazacilik.com\/index.php\/urun\/150063000922\/","title":{"rendered":"150063000922"},"content":{"rendered":"<p>150063000922<\/p>\n<p>LAMINS SIVI SABUNLUK<\/p>\n<p>Malzeme, Cam<br \/>\nAksesuar; %100 Polyester<br \/>\nKuru bezle toz al\u0131nmal\u0131d\u0131r.<\/p>\n","protected":false},"excerpt":{"rendered":"<p>150063000922 LAMINS SIVI SABUNLUK Malzeme, Cam Aksesuar; %100 Polyester Kuru bezle toz al\u0131nmal\u0131d\u0131r.<\/p>\n","protected":false},"featured_media":9978,"template":"","meta":[],"product_brand":[],"product_cat":[2150],"product_tag":[2158],"class_list":{"0":"post-9977","1":"product","2":"type-product","3":"status-publish","4":"has-post-thumbnail","6":"product_cat-2150","7":"product_tag-2158","9":"first","10":"instock","11":"taxable","12":"shipping-taxable","13":"product-type-simple"},"_links":{"self":[{"href":"https:\/\/kervanmagazacilik.com\/index.php\/wp-json\/wp\/v2\/product\/9977","targetHints":{"allow":["GET"]}}],"collection":[{"href":"https:\/\/kervanmagazacilik.com\/index.php\/wp-json\/wp\/v2\/product"}],"about":[{"href":"https:\/\/kervanmagazacilik.com\/index.php\/wp-json\/wp\/v2\/types\/product"}],"wp:featuredmedia":[{"embeddable":true,"href":"https:\/\/kervanmagazacilik.com\/index.php\/wp-json\/wp\/v2\/media\/9978"}],"wp:attachment":[{"href":"https:\/\/kervanmagazacilik.com\/index.php\/wp-json\/wp\/v2\/media?parent=9977"}],"wp:term":[{"taxonomy":"product_brand","embeddable":true,"href":"https:\/\/kervanmagazacilik.com\/index.php\/wp-json\/wp\/v2\/product_brand?post=9977"},{"taxonomy":"product_cat","embeddable":true,"href":"https:\/\/kervanmagazacilik.com\/index.php\/wp-json\/wp\/v2\/product_cat?post=9977"},{"taxonomy":"product_tag","embeddable":true,"href":"https:\/\/kervanmagazacilik.com\/index.php\/wp-json\/wp\/v2\/product_tag?post=9977"}],"curies":[{"name":"wp","href":"https:\/\/api.w.org\/{rel}","templated":true}]}}