{"id":9939,"date":"2024-10-19T16:18:21","date_gmt":"2024-10-19T13:18:21","guid":{"rendered":"https:\/\/kervanmagazacilik.com\/?post_type=product&#038;p=9939"},"modified":"2024-10-19T16:18:21","modified_gmt":"2024-10-19T13:18:21","slug":"10186jan0033","status":"publish","type":"product","link":"https:\/\/kervanmagazacilik.com\/index.php\/urun\/10186jan0033\/","title":{"rendered":"10186JAN0033"},"content":{"rendered":"<p>10186JAN0033<\/p>\n<p>SAPLI TEK DAL \u00c7\u0130\u00c7EK G\u00dcL (SDBF152504) (24) \u015eEFTAL\u0130<\/p>\n<p>&nbsp;<\/p>\n","protected":false},"excerpt":{"rendered":"<p>10186JAN0033 SAPLI TEK DAL \u00c7\u0130\u00c7EK G\u00dcL (SDBF152504) (24) \u015eEFTAL\u0130 &nbsp;<\/p>\n","protected":false},"featured_media":9940,"template":"","meta":[],"product_brand":[],"product_cat":[2144],"product_tag":[2148],"class_list":{"0":"post-9939","1":"product","2":"type-product","3":"status-publish","4":"has-post-thumbnail","6":"product_cat-10186jan","7":"product_tag-10186jan0033","9":"first","10":"instock","11":"taxable","12":"shipping-taxable","13":"product-type-simple"},"_links":{"self":[{"href":"https:\/\/kervanmagazacilik.com\/index.php\/wp-json\/wp\/v2\/product\/9939","targetHints":{"allow":["GET"]}}],"collection":[{"href":"https:\/\/kervanmagazacilik.com\/index.php\/wp-json\/wp\/v2\/product"}],"about":[{"href":"https:\/\/kervanmagazacilik.com\/index.php\/wp-json\/wp\/v2\/types\/product"}],"wp:featuredmedia":[{"embeddable":true,"href":"https:\/\/kervanmagazacilik.com\/index.php\/wp-json\/wp\/v2\/media\/9940"}],"wp:attachment":[{"href":"https:\/\/kervanmagazacilik.com\/index.php\/wp-json\/wp\/v2\/media?parent=9939"}],"wp:term":[{"taxonomy":"product_brand","embeddable":true,"href":"https:\/\/kervanmagazacilik.com\/index.php\/wp-json\/wp\/v2\/product_brand?post=9939"},{"taxonomy":"product_cat","embeddable":true,"href":"https:\/\/kervanmagazacilik.com\/index.php\/wp-json\/wp\/v2\/product_cat?post=9939"},{"taxonomy":"product_tag","embeddable":true,"href":"https:\/\/kervanmagazacilik.com\/index.php\/wp-json\/wp\/v2\/product_tag?post=9939"}],"curies":[{"name":"wp","href":"https:\/\/api.w.org\/{rel}","templated":true}]}}