{"id":9835,"date":"2024-10-16T23:27:29","date_gmt":"2024-10-16T20:27:29","guid":{"rendered":"https:\/\/kervanmagazacilik.com\/?post_type=product&#038;p=9835"},"modified":"2024-10-16T23:27:29","modified_gmt":"2024-10-16T20:27:29","slug":"10176npt00025","status":"publish","type":"product","link":"https:\/\/kervanmagazacilik.com\/index.php\/urun\/10176npt00025\/","title":{"rendered":"10176NPT00025"},"content":{"rendered":"<p>10176NPT00025<\/p>\n<p>PUDRA YEDEK KOKU 500 CC<\/p>\n<p>Plastik \u015feffaf \u015fi\u015fedir.<br \/>\nKapa\u011f\u0131n\u0131 a\u00e7\u0131p, oda kokusu \u015fi\u015fenizin i\u00e7ine bo\u015falt\u0131n\u0131z.<\/p>\n<p>\u00dcst notalar: S\u00fcmb\u00fcl, Karanfil<br \/>\nOrta notalar: Menek\u015fe, Ak\u015fam Sefas\u0131, G\u00fcl<br \/>\nTemel notalar: Vetiver, Amber<\/p>\n","protected":false},"excerpt":{"rendered":"<p>10176NPT00025 PUDRA YEDEK KOKU 500 CC Plastik \u015feffaf \u015fi\u015fedir. Kapa\u011f\u0131n\u0131 a\u00e7\u0131p, oda kokusu \u015fi\u015fenizin i\u00e7ine bo\u015falt\u0131n\u0131z. \u00dcst notalar: S\u00fcmb\u00fcl, Karanfil Orta notalar: Menek\u015fe, Ak\u015fam Sefas\u0131, G\u00fcl Temel notalar: Vetiver, Amber<\/p>\n","protected":false},"featured_media":9836,"template":"","meta":[],"product_brand":[],"product_cat":[2101],"product_tag":[2127],"class_list":{"0":"post-9835","1":"product","2":"type-product","3":"status-publish","4":"has-post-thumbnail","6":"product_cat-10176npt","7":"product_tag-10176npt00025","9":"first","10":"instock","11":"taxable","12":"shipping-taxable","13":"product-type-simple"},"_links":{"self":[{"href":"https:\/\/kervanmagazacilik.com\/index.php\/wp-json\/wp\/v2\/product\/9835","targetHints":{"allow":["GET"]}}],"collection":[{"href":"https:\/\/kervanmagazacilik.com\/index.php\/wp-json\/wp\/v2\/product"}],"about":[{"href":"https:\/\/kervanmagazacilik.com\/index.php\/wp-json\/wp\/v2\/types\/product"}],"wp:featuredmedia":[{"embeddable":true,"href":"https:\/\/kervanmagazacilik.com\/index.php\/wp-json\/wp\/v2\/media\/9836"}],"wp:attachment":[{"href":"https:\/\/kervanmagazacilik.com\/index.php\/wp-json\/wp\/v2\/media?parent=9835"}],"wp:term":[{"taxonomy":"product_brand","embeddable":true,"href":"https:\/\/kervanmagazacilik.com\/index.php\/wp-json\/wp\/v2\/product_brand?post=9835"},{"taxonomy":"product_cat","embeddable":true,"href":"https:\/\/kervanmagazacilik.com\/index.php\/wp-json\/wp\/v2\/product_cat?post=9835"},{"taxonomy":"product_tag","embeddable":true,"href":"https:\/\/kervanmagazacilik.com\/index.php\/wp-json\/wp\/v2\/product_tag?post=9835"}],"curies":[{"name":"wp","href":"https:\/\/api.w.org\/{rel}","templated":true}]}}