{"id":9830,"date":"2024-10-16T23:22:21","date_gmt":"2024-10-16T20:22:21","guid":{"rendered":"https:\/\/kervanmagazacilik.com\/?post_type=product&#038;p=9830"},"modified":"2024-10-16T23:22:21","modified_gmt":"2024-10-16T20:22:21","slug":"10176npt00023","status":"publish","type":"product","link":"https:\/\/kervanmagazacilik.com\/index.php\/urun\/10176npt00023\/","title":{"rendered":"10176NPT00023"},"content":{"rendered":"<p>10176NPT00023<\/p>\n<p>BLACK VANILYA ODA SPREYI 500 CC<\/p>\n<p>Sprey formu ile kullan\u0131m kolayl\u0131\u011f\u0131 sa\u011flayan oda ve kuma\u015f kokusu, t\u00fcm ya\u015fam alanlar\u0131na ve \u00e7ama\u015f\u0131r, havlu, kuma\u015f gibi tekstil \u00fcr\u00fcnlerine uygulanabilir. Odan\u0131n b\u00fcy\u00fckl\u00fc\u011f\u00fcne g\u00f6re g\u00fcnde iki veya \u00fc\u00e7 kez istenen miktarda kullan\u0131labilir.<br \/>\n\u00dcr\u00fcn\u00fcn ba\u015fl\u0131\u011f\u0131ndaki g\u00fcvenlik kilidini a\u00e7t\u0131ktan sonra \u00fcr\u00fcn\u00fc dik tutunuz ve ilk spreyleme s\u00fcresi \u00f6ncesi en az 3 kere spreyleyiniz. Odan\u0131n b\u00fcy\u00fckl\u00fc\u011f\u00fcne g\u00f6re bir ya da iki kez s\u0131kt\u0131ktan sonra koku hemen yay\u0131lacakt\u0131r.<br \/>\n\u00c7ocuklardan uzak tutunuz. Hamilelerin, bebeklerin ve solunum sistemi hastal\u0131\u011f\u0131 olan ki\u015filerin bulundu\u011fu ortamlarda kullanmay\u0131n\u0131z. G\u0131da maddelerinden uzak tutunuz. Do\u011frudan solumay\u0131n\u0131z, v\u00fccuda temas ettirmeyiniz. Alerjiye sebebiyet verebilir. Ah\u015fap ve cilal\u0131 y\u00fczeyler ile temas\u0131ndan ka\u00e7\u0131n\u0131n\u0131z.<\/p>\n<p>\u00dcst notalar: Hindistan Cevizi, Muz<br \/>\nOrta notalar: Orris, Mimoza<br \/>\nTemel notalar: Yosun, Beyaz \u00c7ikolata, Vanilya, Sandal A\u011fac\u0131<\/p>\n<p>&nbsp;<\/p>\n","protected":false},"excerpt":{"rendered":"<p>10176NPT00023 BLACK VANILYA ODA SPREYI 500 CC Sprey formu ile kullan\u0131m kolayl\u0131\u011f\u0131 sa\u011flayan oda ve kuma\u015f kokusu, t\u00fcm ya\u015fam alanlar\u0131na ve \u00e7ama\u015f\u0131r, havlu, kuma\u015f gibi tekstil \u00fcr\u00fcnlerine uygulanabilir. Odan\u0131n b\u00fcy\u00fckl\u00fc\u011f\u00fcne g\u00f6re g\u00fcnde iki veya \u00fc\u00e7 kez istenen miktarda kullan\u0131labilir. \u00dcr\u00fcn\u00fcn ba\u015fl\u0131\u011f\u0131ndaki g\u00fcvenlik kilidini a\u00e7t\u0131ktan sonra \u00fcr\u00fcn\u00fc dik tutunuz ve ilk spreyleme s\u00fcresi \u00f6ncesi en az [&hellip;]<\/p>\n","protected":false},"featured_media":9831,"template":"","meta":[],"product_brand":[],"product_cat":[2101],"product_tag":[2125],"class_list":{"0":"post-9830","1":"product","2":"type-product","3":"status-publish","4":"has-post-thumbnail","6":"product_cat-10176npt","7":"product_tag-10176npt00023","9":"first","10":"instock","11":"taxable","12":"shipping-taxable","13":"product-type-simple"},"_links":{"self":[{"href":"https:\/\/kervanmagazacilik.com\/index.php\/wp-json\/wp\/v2\/product\/9830","targetHints":{"allow":["GET"]}}],"collection":[{"href":"https:\/\/kervanmagazacilik.com\/index.php\/wp-json\/wp\/v2\/product"}],"about":[{"href":"https:\/\/kervanmagazacilik.com\/index.php\/wp-json\/wp\/v2\/types\/product"}],"wp:featuredmedia":[{"embeddable":true,"href":"https:\/\/kervanmagazacilik.com\/index.php\/wp-json\/wp\/v2\/media\/9831"}],"wp:attachment":[{"href":"https:\/\/kervanmagazacilik.com\/index.php\/wp-json\/wp\/v2\/media?parent=9830"}],"wp:term":[{"taxonomy":"product_brand","embeddable":true,"href":"https:\/\/kervanmagazacilik.com\/index.php\/wp-json\/wp\/v2\/product_brand?post=9830"},{"taxonomy":"product_cat","embeddable":true,"href":"https:\/\/kervanmagazacilik.com\/index.php\/wp-json\/wp\/v2\/product_cat?post=9830"},{"taxonomy":"product_tag","embeddable":true,"href":"https:\/\/kervanmagazacilik.com\/index.php\/wp-json\/wp\/v2\/product_tag?post=9830"}],"curies":[{"name":"wp","href":"https:\/\/api.w.org\/{rel}","templated":true}]}}