{"id":9811,"date":"2024-10-16T23:06:08","date_gmt":"2024-10-16T20:06:08","guid":{"rendered":"https:\/\/kervanmagazacilik.com\/?post_type=product&#038;p=9811"},"modified":"2024-10-16T23:06:08","modified_gmt":"2024-10-16T20:06:08","slug":"10176npt00016","status":"publish","type":"product","link":"https:\/\/kervanmagazacilik.com\/index.php\/urun\/10176npt00016\/","title":{"rendered":"10176NPT00016"},"content":{"rendered":"<p>10176NPT00016<\/p>\n<p>OCEAN DENIZ KABUGU TASLI MUM 350 GR EKRU 16&#215;19 cm<\/p>\n<p>KOKU: AKDEN\u0130Z \u0130NC\u0130S\u0130 KOKULU TA\u015eTIR. CAM, DEN\u0130Z KABU\u011eU NAKI\u015eLI KUMA\u015e \u0130LE KAPLIDIR. MUM RENG\u0130 EKRUDUR, MUM \u00c7IRALIDIR.<\/p>\n<p>\u00dcst notalar: Bergamot<br \/>\nOrta notalar: G\u00fcl, Mimoza, S\u00fcsen<br \/>\nTemel notalar: Musk<\/p>\n","protected":false},"excerpt":{"rendered":"<p>10176NPT00016 OCEAN DENIZ KABUGU TASLI MUM 350 GR EKRU 16&#215;19 cm KOKU: AKDEN\u0130Z \u0130NC\u0130S\u0130 KOKULU TA\u015eTIR. CAM, DEN\u0130Z KABU\u011eU NAKI\u015eLI KUMA\u015e \u0130LE KAPLIDIR. MUM RENG\u0130 EKRUDUR, MUM \u00c7IRALIDIR. \u00dcst notalar: Bergamot Orta notalar: G\u00fcl, Mimoza, S\u00fcsen Temel notalar: Musk<\/p>\n","protected":false},"featured_media":9812,"template":"","meta":[],"product_brand":[],"product_cat":[2101],"product_tag":[2119],"class_list":{"0":"post-9811","1":"product","2":"type-product","3":"status-publish","4":"has-post-thumbnail","6":"product_cat-10176npt","7":"product_tag-10176npt00016","9":"first","10":"instock","11":"taxable","12":"shipping-taxable","13":"product-type-simple"},"_links":{"self":[{"href":"https:\/\/kervanmagazacilik.com\/index.php\/wp-json\/wp\/v2\/product\/9811","targetHints":{"allow":["GET"]}}],"collection":[{"href":"https:\/\/kervanmagazacilik.com\/index.php\/wp-json\/wp\/v2\/product"}],"about":[{"href":"https:\/\/kervanmagazacilik.com\/index.php\/wp-json\/wp\/v2\/types\/product"}],"wp:featuredmedia":[{"embeddable":true,"href":"https:\/\/kervanmagazacilik.com\/index.php\/wp-json\/wp\/v2\/media\/9812"}],"wp:attachment":[{"href":"https:\/\/kervanmagazacilik.com\/index.php\/wp-json\/wp\/v2\/media?parent=9811"}],"wp:term":[{"taxonomy":"product_brand","embeddable":true,"href":"https:\/\/kervanmagazacilik.com\/index.php\/wp-json\/wp\/v2\/product_brand?post=9811"},{"taxonomy":"product_cat","embeddable":true,"href":"https:\/\/kervanmagazacilik.com\/index.php\/wp-json\/wp\/v2\/product_cat?post=9811"},{"taxonomy":"product_tag","embeddable":true,"href":"https:\/\/kervanmagazacilik.com\/index.php\/wp-json\/wp\/v2\/product_tag?post=9811"}],"curies":[{"name":"wp","href":"https:\/\/api.w.org\/{rel}","templated":true}]}}