{"id":9799,"date":"2024-10-16T22:54:19","date_gmt":"2024-10-16T19:54:19","guid":{"rendered":"https:\/\/kervanmagazacilik.com\/?post_type=product&#038;p=9799"},"modified":"2024-10-16T22:54:20","modified_gmt":"2024-10-16T19:54:20","slug":"10176npt00012","status":"publish","type":"product","link":"https:\/\/kervanmagazacilik.com\/index.php\/urun\/10176npt00012\/","title":{"rendered":"10176NPT00012"},"content":{"rendered":"<p>10176NPT00012<\/p>\n<p>BOMBAY FILLI KOKULU MUM 230 GR TARCIN-HAKI 9,5&#215;18 cm<\/p>\n<p>KOKU: DARK AMBER KOKULU TA\u015eTIR. CAM RENG\u0130, OPAK TAR\u00c7IN. MUM RENG\u0130 EKRUDUR, MUM \u00c7IRALIDIR.<\/p>\n<p>\u00dcst notalar: Portakal, \u0130ncir<br \/>\nOrta notalar: Zencefil, G\u00fcl<br \/>\nTemel notalar: Musk, Amber, Vetiver, Sedir A\u011fac\u0131, Pa\u00e7uli, Vanilya<\/p>\n","protected":false},"excerpt":{"rendered":"<p>10176NPT00012 BOMBAY FILLI KOKULU MUM 230 GR TARCIN-HAKI 9,5&#215;18 cm KOKU: DARK AMBER KOKULU TA\u015eTIR. CAM RENG\u0130, OPAK TAR\u00c7IN. MUM RENG\u0130 EKRUDUR, MUM \u00c7IRALIDIR. \u00dcst notalar: Portakal, \u0130ncir Orta notalar: Zencefil, G\u00fcl Temel notalar: Musk, Amber, Vetiver, Sedir A\u011fac\u0131, Pa\u00e7uli, Vanilya<\/p>\n","protected":false},"featured_media":9800,"template":"","meta":[],"product_brand":[],"product_cat":[2101],"product_tag":[2116],"class_list":{"0":"post-9799","1":"product","2":"type-product","3":"status-publish","4":"has-post-thumbnail","6":"product_cat-10176npt","7":"product_tag-10176npt00012","9":"first","10":"instock","11":"taxable","12":"shipping-taxable","13":"product-type-simple"},"_links":{"self":[{"href":"https:\/\/kervanmagazacilik.com\/index.php\/wp-json\/wp\/v2\/product\/9799","targetHints":{"allow":["GET"]}}],"collection":[{"href":"https:\/\/kervanmagazacilik.com\/index.php\/wp-json\/wp\/v2\/product"}],"about":[{"href":"https:\/\/kervanmagazacilik.com\/index.php\/wp-json\/wp\/v2\/types\/product"}],"wp:featuredmedia":[{"embeddable":true,"href":"https:\/\/kervanmagazacilik.com\/index.php\/wp-json\/wp\/v2\/media\/9800"}],"wp:attachment":[{"href":"https:\/\/kervanmagazacilik.com\/index.php\/wp-json\/wp\/v2\/media?parent=9799"}],"wp:term":[{"taxonomy":"product_brand","embeddable":true,"href":"https:\/\/kervanmagazacilik.com\/index.php\/wp-json\/wp\/v2\/product_brand?post=9799"},{"taxonomy":"product_cat","embeddable":true,"href":"https:\/\/kervanmagazacilik.com\/index.php\/wp-json\/wp\/v2\/product_cat?post=9799"},{"taxonomy":"product_tag","embeddable":true,"href":"https:\/\/kervanmagazacilik.com\/index.php\/wp-json\/wp\/v2\/product_tag?post=9799"}],"curies":[{"name":"wp","href":"https:\/\/api.w.org\/{rel}","templated":true}]}}