{"id":9789,"date":"2024-10-16T22:40:11","date_gmt":"2024-10-16T19:40:11","guid":{"rendered":"https:\/\/kervanmagazacilik.com\/?post_type=product&#038;p=9789"},"modified":"2024-10-16T22:40:11","modified_gmt":"2024-10-16T19:40:11","slug":"10176npt00009","status":"publish","type":"product","link":"https:\/\/kervanmagazacilik.com\/index.php\/urun\/10176npt00009\/","title":{"rendered":"10176NPT00009"},"content":{"rendered":"<p>10176NPT00009<\/p>\n<p>BOMBAY BUDA ODA KOKUSU 150 CC YESIL-HAKI 9&#215;16 cm<\/p>\n<p>KOKU: DARK AMBER KOKULU TA\u015eTIR. CAM RENG\u0130, OPAK MAT YE\u015e\u0130L. \u015e\u0130\u015eEN\u0130N \u0130\u00c7\u0130 ODA KOKUSU \u0130LE DOLUDUR.<\/p>\n<p>\u00dcst notalar: Portakal, \u0130ncir<br \/>\nOrta notalar: Zencefil, G\u00fcl<br \/>\nTemel notalar: Musk, Amber, Vetiver, Sedir A\u011fac\u0131, Pa\u00e7uli, Vanilya<\/p>\n","protected":false},"excerpt":{"rendered":"<p>10176NPT00009 BOMBAY BUDA ODA KOKUSU 150 CC YESIL-HAKI 9&#215;16 cm KOKU: DARK AMBER KOKULU TA\u015eTIR. CAM RENG\u0130, OPAK MAT YE\u015e\u0130L. \u015e\u0130\u015eEN\u0130N \u0130\u00c7\u0130 ODA KOKUSU \u0130LE DOLUDUR. \u00dcst notalar: Portakal, \u0130ncir Orta notalar: Zencefil, G\u00fcl Temel notalar: Musk, Amber, Vetiver, Sedir A\u011fac\u0131, Pa\u00e7uli, Vanilya<\/p>\n","protected":false},"featured_media":9790,"template":"","meta":[],"product_brand":[],"product_cat":[2101],"product_tag":[2113],"class_list":{"0":"post-9789","1":"product","2":"type-product","3":"status-publish","4":"has-post-thumbnail","6":"product_cat-10176npt","7":"product_tag-10176npt00009","9":"first","10":"instock","11":"taxable","12":"shipping-taxable","13":"product-type-simple"},"_links":{"self":[{"href":"https:\/\/kervanmagazacilik.com\/index.php\/wp-json\/wp\/v2\/product\/9789","targetHints":{"allow":["GET"]}}],"collection":[{"href":"https:\/\/kervanmagazacilik.com\/index.php\/wp-json\/wp\/v2\/product"}],"about":[{"href":"https:\/\/kervanmagazacilik.com\/index.php\/wp-json\/wp\/v2\/types\/product"}],"wp:featuredmedia":[{"embeddable":true,"href":"https:\/\/kervanmagazacilik.com\/index.php\/wp-json\/wp\/v2\/media\/9790"}],"wp:attachment":[{"href":"https:\/\/kervanmagazacilik.com\/index.php\/wp-json\/wp\/v2\/media?parent=9789"}],"wp:term":[{"taxonomy":"product_brand","embeddable":true,"href":"https:\/\/kervanmagazacilik.com\/index.php\/wp-json\/wp\/v2\/product_brand?post=9789"},{"taxonomy":"product_cat","embeddable":true,"href":"https:\/\/kervanmagazacilik.com\/index.php\/wp-json\/wp\/v2\/product_cat?post=9789"},{"taxonomy":"product_tag","embeddable":true,"href":"https:\/\/kervanmagazacilik.com\/index.php\/wp-json\/wp\/v2\/product_tag?post=9789"}],"curies":[{"name":"wp","href":"https:\/\/api.w.org\/{rel}","templated":true}]}}