{"id":9775,"date":"2024-10-16T22:29:08","date_gmt":"2024-10-16T19:29:08","guid":{"rendered":"https:\/\/kervanmagazacilik.com\/?post_type=product&#038;p=9775"},"modified":"2024-10-16T22:29:08","modified_gmt":"2024-10-16T19:29:08","slug":"10176npt00005","status":"publish","type":"product","link":"https:\/\/kervanmagazacilik.com\/index.php\/urun\/10176npt00005\/","title":{"rendered":"10176NPT00005"},"content":{"rendered":"<p>10176NPT00005<\/p>\n<p>HELEN ODA KOKUSU 250 CC VIZON-EKRU 11&#215;19 cm<\/p>\n<p>KOKU: BLACK VAN\u0130LYA KOKULU TA\u015eTIR. CAM RENG\u0130, OPAK MAT V\u0130ZON. \u015e\u0130\u015eEN\u0130N \u0130\u00c7\u0130 ODA KOKUSU \u0130LE DOLUDUR.<\/p>\n<p>\u00dcst notalar: Hindistan Cevizi, Muz<br \/>\nOrta notalar: Orris, Mimoza<br \/>\nTemel notalar: Yosun, Beyaz \u00c7ikolata, Vanilya, Sandal A\u011fac\u0131<\/p>\n","protected":false},"excerpt":{"rendered":"<p>10176NPT00005 HELEN ODA KOKUSU 250 CC VIZON-EKRU 11&#215;19 cm KOKU: BLACK VAN\u0130LYA KOKULU TA\u015eTIR. CAM RENG\u0130, OPAK MAT V\u0130ZON. \u015e\u0130\u015eEN\u0130N \u0130\u00c7\u0130 ODA KOKUSU \u0130LE DOLUDUR. \u00dcst notalar: Hindistan Cevizi, Muz Orta notalar: Orris, Mimoza Temel notalar: Yosun, Beyaz \u00c7ikolata, Vanilya, Sandal A\u011fac\u0131<\/p>\n","protected":false},"featured_media":9776,"template":"","meta":[],"product_brand":[],"product_cat":[2101],"product_tag":[2109],"class_list":{"0":"post-9775","1":"product","2":"type-product","3":"status-publish","4":"has-post-thumbnail","6":"product_cat-10176npt","7":"product_tag-10176npt00005","9":"first","10":"instock","11":"taxable","12":"shipping-taxable","13":"product-type-simple"},"_links":{"self":[{"href":"https:\/\/kervanmagazacilik.com\/index.php\/wp-json\/wp\/v2\/product\/9775","targetHints":{"allow":["GET"]}}],"collection":[{"href":"https:\/\/kervanmagazacilik.com\/index.php\/wp-json\/wp\/v2\/product"}],"about":[{"href":"https:\/\/kervanmagazacilik.com\/index.php\/wp-json\/wp\/v2\/types\/product"}],"wp:featuredmedia":[{"embeddable":true,"href":"https:\/\/kervanmagazacilik.com\/index.php\/wp-json\/wp\/v2\/media\/9776"}],"wp:attachment":[{"href":"https:\/\/kervanmagazacilik.com\/index.php\/wp-json\/wp\/v2\/media?parent=9775"}],"wp:term":[{"taxonomy":"product_brand","embeddable":true,"href":"https:\/\/kervanmagazacilik.com\/index.php\/wp-json\/wp\/v2\/product_brand?post=9775"},{"taxonomy":"product_cat","embeddable":true,"href":"https:\/\/kervanmagazacilik.com\/index.php\/wp-json\/wp\/v2\/product_cat?post=9775"},{"taxonomy":"product_tag","embeddable":true,"href":"https:\/\/kervanmagazacilik.com\/index.php\/wp-json\/wp\/v2\/product_tag?post=9775"}],"curies":[{"name":"wp","href":"https:\/\/api.w.org\/{rel}","templated":true}]}}