{"id":9750,"date":"2024-10-16T15:46:10","date_gmt":"2024-10-16T12:46:10","guid":{"rendered":"https:\/\/kervanmagazacilik.com\/?post_type=product&#038;p=9750"},"modified":"2024-10-16T15:46:11","modified_gmt":"2024-10-16T12:46:11","slug":"611dnt000034","status":"publish","type":"product","link":"https:\/\/kervanmagazacilik.com\/index.php\/urun\/611dnt000034\/","title":{"rendered":"611DNT000034"},"content":{"rendered":"<p>611DNT000034<\/p>\n<p>NEW DENVER 5&#8242; LI ZIGON SEHPA 90x30x70cm<\/p>\n<p>T\u00fcm par\u00e7alar\u0131n \u00f6l\u00e7\u00fcleri:<\/p>\n<p>90&#215;30 H:70cm<br \/>\n80&#215;30 H:60cm<br \/>\n70&#215;30 H:55cm<br \/>\n30&#215;30 H:50cm<br \/>\n30&#215;30 H:50cm<\/p>\n","protected":false},"excerpt":{"rendered":"<p>611DNT000034 NEW DENVER 5&#8242; LI ZIGON SEHPA 90x30x70cm T\u00fcm par\u00e7alar\u0131n \u00f6l\u00e7\u00fcleri: 90&#215;30 H:70cm 80&#215;30 H:60cm 70&#215;30 H:55cm 30&#215;30 H:50cm 30&#215;30 H:50cm<\/p>\n","protected":false},"featured_media":9751,"template":"","meta":[],"product_brand":[],"product_cat":[88],"product_tag":[2103],"class_list":{"0":"post-9750","1":"product","2":"type-product","3":"status-publish","4":"has-post-thumbnail","6":"product_cat-611dnt","7":"product_tag-611dnt000034","9":"first","10":"instock","11":"taxable","12":"shipping-taxable","13":"product-type-simple"},"_links":{"self":[{"href":"https:\/\/kervanmagazacilik.com\/index.php\/wp-json\/wp\/v2\/product\/9750","targetHints":{"allow":["GET"]}}],"collection":[{"href":"https:\/\/kervanmagazacilik.com\/index.php\/wp-json\/wp\/v2\/product"}],"about":[{"href":"https:\/\/kervanmagazacilik.com\/index.php\/wp-json\/wp\/v2\/types\/product"}],"wp:featuredmedia":[{"embeddable":true,"href":"https:\/\/kervanmagazacilik.com\/index.php\/wp-json\/wp\/v2\/media\/9751"}],"wp:attachment":[{"href":"https:\/\/kervanmagazacilik.com\/index.php\/wp-json\/wp\/v2\/media?parent=9750"}],"wp:term":[{"taxonomy":"product_brand","embeddable":true,"href":"https:\/\/kervanmagazacilik.com\/index.php\/wp-json\/wp\/v2\/product_brand?post=9750"},{"taxonomy":"product_cat","embeddable":true,"href":"https:\/\/kervanmagazacilik.com\/index.php\/wp-json\/wp\/v2\/product_cat?post=9750"},{"taxonomy":"product_tag","embeddable":true,"href":"https:\/\/kervanmagazacilik.com\/index.php\/wp-json\/wp\/v2\/product_tag?post=9750"}],"curies":[{"name":"wp","href":"https:\/\/api.w.org\/{rel}","templated":true}]}}