{"id":9596,"date":"2024-10-14T23:59:26","date_gmt":"2024-10-14T20:59:26","guid":{"rendered":"https:\/\/kervanmagazacilik.com\/?post_type=product&#038;p=9596"},"modified":"2024-10-14T23:59:27","modified_gmt":"2024-10-14T20:59:27","slug":"759ygt000052","status":"publish","type":"product","link":"https:\/\/kervanmagazacilik.com\/index.php\/urun\/759ygt000052\/","title":{"rendered":"759YGT000052"},"content":{"rendered":"<p>759YGT000052<\/p>\n<p>P436 B\u00dcY\u00dcK DEKORAT\u0130F AKSESUAR YE\u015e\u0130L-AMBER 10&#215;16 cm<\/p>\n<p>Cam<br \/>\nKuru bez ile toz al\u0131nmal\u0131d\u0131r.<\/p>\n","protected":false},"excerpt":{"rendered":"<p>759YGT000052 P436 B\u00dcY\u00dcK DEKORAT\u0130F AKSESUAR YE\u015e\u0130L-AMBER 10&#215;16 cm Cam Kuru bez ile toz al\u0131nmal\u0131d\u0131r.<\/p>\n","protected":false},"featured_media":9597,"template":"","meta":[],"product_brand":[],"product_cat":[278],"product_tag":[2068],"class_list":{"0":"post-9596","1":"product","2":"type-product","3":"status-publish","4":"has-post-thumbnail","6":"product_cat-759ygt","7":"product_tag-759ygt000052","9":"first","10":"instock","11":"taxable","12":"shipping-taxable","13":"product-type-simple"},"_links":{"self":[{"href":"https:\/\/kervanmagazacilik.com\/index.php\/wp-json\/wp\/v2\/product\/9596","targetHints":{"allow":["GET"]}}],"collection":[{"href":"https:\/\/kervanmagazacilik.com\/index.php\/wp-json\/wp\/v2\/product"}],"about":[{"href":"https:\/\/kervanmagazacilik.com\/index.php\/wp-json\/wp\/v2\/types\/product"}],"wp:featuredmedia":[{"embeddable":true,"href":"https:\/\/kervanmagazacilik.com\/index.php\/wp-json\/wp\/v2\/media\/9597"}],"wp:attachment":[{"href":"https:\/\/kervanmagazacilik.com\/index.php\/wp-json\/wp\/v2\/media?parent=9596"}],"wp:term":[{"taxonomy":"product_brand","embeddable":true,"href":"https:\/\/kervanmagazacilik.com\/index.php\/wp-json\/wp\/v2\/product_brand?post=9596"},{"taxonomy":"product_cat","embeddable":true,"href":"https:\/\/kervanmagazacilik.com\/index.php\/wp-json\/wp\/v2\/product_cat?post=9596"},{"taxonomy":"product_tag","embeddable":true,"href":"https:\/\/kervanmagazacilik.com\/index.php\/wp-json\/wp\/v2\/product_tag?post=9596"}],"curies":[{"name":"wp","href":"https:\/\/api.w.org\/{rel}","templated":true}]}}