{"id":9490,"date":"2024-10-14T21:33:39","date_gmt":"2024-10-14T18:33:39","guid":{"rendered":"https:\/\/kervanmagazacilik.com\/?post_type=product&#038;p=9490"},"modified":"2024-10-14T21:33:40","modified_gmt":"2024-10-14T18:33:40","slug":"002999200080","status":"publish","type":"product","link":"https:\/\/kervanmagazacilik.com\/index.php\/urun\/002999200080\/","title":{"rendered":"002999200080"},"content":{"rendered":"<p>002999200080<\/p>\n<p>BEL\u0130NZA NEVRES\u0130M TAKIMI 200X220 CK 6 PRC GR\u0130<\/p>\n<div>Kuma\u015f, %100 pamuk<\/div>\n<div>30 derece narin y\u0131kama<\/div>\n<div>\u00c7ama\u015f\u0131r suyu konamaz<\/div>\n<div>Kurutma makinesinde kurutulamaz<\/div>\n<div>D\u00fc\u015f\u00fck \u0131s\u0131da \u00fct\u00fclenmelidir<\/div>\n<div><\/div>\n<div><\/div>\n<div>ALT GRUP: YATAK ODASI TEKST\u0130L\u0130<\/div>\n<div><\/div>\n<div>NEVRES\u0130M: 200X220 CM<\/div>\n<div>LAST\u0130KL\u0130 \u00c7AR\u015eAF: 160X200+30 CM<\/div>\n<div>OXFORD YASTIK: 50X70 CM (2 ADET)<\/div>\n<div>UYKU YASTI\u011eI: 50X70 CM (2 ADET)<\/div>\n","protected":false},"excerpt":{"rendered":"<p>002999200080 BEL\u0130NZA NEVRES\u0130M TAKIMI 200X220 CK 6 PRC GR\u0130 Kuma\u015f, %100 pamuk 30 derece narin y\u0131kama \u00c7ama\u015f\u0131r suyu konamaz Kurutma makinesinde kurutulamaz D\u00fc\u015f\u00fck \u0131s\u0131da \u00fct\u00fclenmelidir ALT GRUP: YATAK ODASI TEKST\u0130L\u0130 NEVRES\u0130M: 200X220 CM LAST\u0130KL\u0130 \u00c7AR\u015eAF: 160X200+30 CM OXFORD YASTIK: 50X70 CM (2 ADET) UYKU YASTI\u011eI: 50X70 CM (2 ADET)<\/p>\n","protected":false},"featured_media":9491,"template":"","meta":[],"product_brand":[],"product_cat":[2032],"product_tag":[2044],"class_list":{"0":"post-9490","1":"product","2":"type-product","3":"status-publish","4":"has-post-thumbnail","6":"product_cat-2032","7":"product_tag-2044","9":"first","10":"instock","11":"taxable","12":"shipping-taxable","13":"product-type-simple"},"_links":{"self":[{"href":"https:\/\/kervanmagazacilik.com\/index.php\/wp-json\/wp\/v2\/product\/9490","targetHints":{"allow":["GET"]}}],"collection":[{"href":"https:\/\/kervanmagazacilik.com\/index.php\/wp-json\/wp\/v2\/product"}],"about":[{"href":"https:\/\/kervanmagazacilik.com\/index.php\/wp-json\/wp\/v2\/types\/product"}],"wp:featuredmedia":[{"embeddable":true,"href":"https:\/\/kervanmagazacilik.com\/index.php\/wp-json\/wp\/v2\/media\/9491"}],"wp:attachment":[{"href":"https:\/\/kervanmagazacilik.com\/index.php\/wp-json\/wp\/v2\/media?parent=9490"}],"wp:term":[{"taxonomy":"product_brand","embeddable":true,"href":"https:\/\/kervanmagazacilik.com\/index.php\/wp-json\/wp\/v2\/product_brand?post=9490"},{"taxonomy":"product_cat","embeddable":true,"href":"https:\/\/kervanmagazacilik.com\/index.php\/wp-json\/wp\/v2\/product_cat?post=9490"},{"taxonomy":"product_tag","embeddable":true,"href":"https:\/\/kervanmagazacilik.com\/index.php\/wp-json\/wp\/v2\/product_tag?post=9490"}],"curies":[{"name":"wp","href":"https:\/\/api.w.org\/{rel}","templated":true}]}}