{"id":9405,"date":"2024-10-14T00:58:40","date_gmt":"2024-10-13T21:58:40","guid":{"rendered":"https:\/\/kervanmagazacilik.com\/?post_type=product&#038;p=9405"},"modified":"2024-10-14T00:58:40","modified_gmt":"2024-10-13T21:58:40","slug":"002099045910","status":"publish","type":"product","link":"https:\/\/kervanmagazacilik.com\/index.php\/urun\/002099045910\/","title":{"rendered":"002099045910"},"content":{"rendered":"<p>002099045910<\/p>\n<p>V\u0130TANASS NEVRES\u0130M TAKIMI YE\u015e\u0130L CK. 200x220cm 6 PRC<\/p>\n<p>Kuma\u015f; %40 Pamuk-%40 Viskon-%20 Polyester<br \/>\n30 derece narin y\u0131kama<br \/>\n\u00c7ama\u015f\u0131r suyu konamaz<br \/>\nKurutma makinesinde kurutulamaz<br \/>\nD\u00fc\u015f\u00fck \u0131s\u0131da \u00fct\u00fclenmelidir<\/p>\n<p>NEVRES\u0130M: 200X220 CM<br \/>\nLAST\u0130KL\u0130 \u00c7AR\u015eAF: 160X200+30 CM<br \/>\nOXFORD YASTIK: 50X70 CM (2 ADET)<br \/>\nUYKU YASTI\u011eI: 50X70 CM (2 ADET)<\/p>\n","protected":false},"excerpt":{"rendered":"<p>002099045910 V\u0130TANASS NEVRES\u0130M TAKIMI YE\u015e\u0130L CK. 200x220cm 6 PRC Kuma\u015f; %40 Pamuk-%40 Viskon-%20 Polyester 30 derece narin y\u0131kama \u00c7ama\u015f\u0131r suyu konamaz Kurutma makinesinde kurutulamaz D\u00fc\u015f\u00fck \u0131s\u0131da \u00fct\u00fclenmelidir NEVRES\u0130M: 200X220 CM LAST\u0130KL\u0130 \u00c7AR\u015eAF: 160X200+30 CM OXFORD YASTIK: 50X70 CM (2 ADET) UYKU YASTI\u011eI: 50X70 CM (2 ADET)<\/p>\n","protected":false},"featured_media":9406,"template":"","meta":[],"product_brand":[],"product_cat":[2004],"product_tag":[2031],"class_list":{"0":"post-9405","1":"product","2":"type-product","3":"status-publish","4":"has-post-thumbnail","6":"product_cat-2004","7":"product_tag-2031","9":"first","10":"instock","11":"taxable","12":"shipping-taxable","13":"product-type-simple"},"_links":{"self":[{"href":"https:\/\/kervanmagazacilik.com\/index.php\/wp-json\/wp\/v2\/product\/9405","targetHints":{"allow":["GET"]}}],"collection":[{"href":"https:\/\/kervanmagazacilik.com\/index.php\/wp-json\/wp\/v2\/product"}],"about":[{"href":"https:\/\/kervanmagazacilik.com\/index.php\/wp-json\/wp\/v2\/types\/product"}],"wp:featuredmedia":[{"embeddable":true,"href":"https:\/\/kervanmagazacilik.com\/index.php\/wp-json\/wp\/v2\/media\/9406"}],"wp:attachment":[{"href":"https:\/\/kervanmagazacilik.com\/index.php\/wp-json\/wp\/v2\/media?parent=9405"}],"wp:term":[{"taxonomy":"product_brand","embeddable":true,"href":"https:\/\/kervanmagazacilik.com\/index.php\/wp-json\/wp\/v2\/product_brand?post=9405"},{"taxonomy":"product_cat","embeddable":true,"href":"https:\/\/kervanmagazacilik.com\/index.php\/wp-json\/wp\/v2\/product_cat?post=9405"},{"taxonomy":"product_tag","embeddable":true,"href":"https:\/\/kervanmagazacilik.com\/index.php\/wp-json\/wp\/v2\/product_tag?post=9405"}],"curies":[{"name":"wp","href":"https:\/\/api.w.org\/{rel}","templated":true}]}}