{"id":9358,"date":"2024-10-14T00:23:57","date_gmt":"2024-10-13T21:23:57","guid":{"rendered":"https:\/\/kervanmagazacilik.com\/?post_type=product&#038;p=9358"},"modified":"2024-10-14T00:23:57","modified_gmt":"2024-10-13T21:23:57","slug":"002099045902","status":"publish","type":"product","link":"https:\/\/kervanmagazacilik.com\/index.php\/urun\/002099045902\/","title":{"rendered":"002099045902"},"content":{"rendered":"<p>002099045902<\/p>\n<p>PREM\u0130UM NEVRES\u0130M TAKIMI 160X220 TK 4 PRC YE\u015e\u0130L<\/p>\n<div>Kuma\u015f; %40 Pamuk-%40 Viskon-%20 Polyester<\/div>\n<div>30 derece narin y\u0131kama<\/div>\n<div>\u00c7ama\u015f\u0131r suyu konamaz<\/div>\n<div>Kurutma makinesinde kurutulamaz<\/div>\n<div>D\u00fc\u015f\u00fck \u0131s\u0131da \u00fct\u00fclenmelidir<\/div>\n<div><\/div>\n<div>ALT GRUP: YATAK ODASI TEKST\u0130L\u0130<\/div>\n<div><\/div>\n<div>NEVRES\u0130M: 160X220 CM<\/div>\n<div>LAST\u0130KL\u0130 \u00c7AR\u015eAF: 100X200+30 CM<\/div>\n<div>OXFORD YASTIK: 50X70 CM (1 ADET)<\/div>\n<div>UYKU YASTI\u011eI: 50X70 CM (1 ADET)<\/div>\n","protected":false},"excerpt":{"rendered":"<p>002099045902 PREM\u0130UM NEVRES\u0130M TAKIMI 160X220 TK 4 PRC YE\u015e\u0130L Kuma\u015f; %40 Pamuk-%40 Viskon-%20 Polyester 30 derece narin y\u0131kama \u00c7ama\u015f\u0131r suyu konamaz Kurutma makinesinde kurutulamaz D\u00fc\u015f\u00fck \u0131s\u0131da \u00fct\u00fclenmelidir ALT GRUP: YATAK ODASI TEKST\u0130L\u0130 NEVRES\u0130M: 160X220 CM LAST\u0130KL\u0130 \u00c7AR\u015eAF: 100X200+30 CM OXFORD YASTIK: 50X70 CM (1 ADET) UYKU YASTI\u011eI: 50X70 CM (1 ADET)<\/p>\n","protected":false},"featured_media":9359,"template":"","meta":[],"product_brand":[],"product_cat":[2004],"product_tag":[2024],"class_list":{"0":"post-9358","1":"product","2":"type-product","3":"status-publish","4":"has-post-thumbnail","6":"product_cat-2004","7":"product_tag-2024","9":"first","10":"instock","11":"taxable","12":"shipping-taxable","13":"product-type-simple"},"_links":{"self":[{"href":"https:\/\/kervanmagazacilik.com\/index.php\/wp-json\/wp\/v2\/product\/9358","targetHints":{"allow":["GET"]}}],"collection":[{"href":"https:\/\/kervanmagazacilik.com\/index.php\/wp-json\/wp\/v2\/product"}],"about":[{"href":"https:\/\/kervanmagazacilik.com\/index.php\/wp-json\/wp\/v2\/types\/product"}],"wp:featuredmedia":[{"embeddable":true,"href":"https:\/\/kervanmagazacilik.com\/index.php\/wp-json\/wp\/v2\/media\/9359"}],"wp:attachment":[{"href":"https:\/\/kervanmagazacilik.com\/index.php\/wp-json\/wp\/v2\/media?parent=9358"}],"wp:term":[{"taxonomy":"product_brand","embeddable":true,"href":"https:\/\/kervanmagazacilik.com\/index.php\/wp-json\/wp\/v2\/product_brand?post=9358"},{"taxonomy":"product_cat","embeddable":true,"href":"https:\/\/kervanmagazacilik.com\/index.php\/wp-json\/wp\/v2\/product_cat?post=9358"},{"taxonomy":"product_tag","embeddable":true,"href":"https:\/\/kervanmagazacilik.com\/index.php\/wp-json\/wp\/v2\/product_tag?post=9358"}],"curies":[{"name":"wp","href":"https:\/\/api.w.org\/{rel}","templated":true}]}}