{"id":9317,"date":"2024-10-13T23:54:30","date_gmt":"2024-10-13T20:54:30","guid":{"rendered":"https:\/\/kervanmagazacilik.com\/?post_type=product&#038;p=9317"},"modified":"2024-10-13T23:54:31","modified_gmt":"2024-10-13T20:54:31","slug":"002099045895","status":"publish","type":"product","link":"https:\/\/kervanmagazacilik.com\/index.php\/urun\/002099045895\/","title":{"rendered":"002099045895"},"content":{"rendered":"<p>002099045895<\/p>\n<p>V\u0130TAS NEVRES\u0130M TAKIMI 160X220 TK 4 PRC YE\u015e\u0130L<\/p>\n<div>Kuma\u015f, %100 pamuk<\/div>\n<div>Aksesuar, %100 polyester<\/div>\n<div>30 derece narin y\u0131kama<\/div>\n<div>\u00c7ama\u015f\u0131r suyu konamaz<\/div>\n<div>Kurutma makinesinde kurutulamaz<\/div>\n<div>D\u00fc\u015f\u00fck \u0131s\u0131da \u00fct\u00fclenmelidir<\/div>\n<div><\/div>\n<div>ALT GRUP: YATAK ODASI TEKST\u0130L\u0130<\/div>\n<div><\/div>\n<div>NEVRES\u0130M: 160X220 CM<\/div>\n<div>LAST\u0130KL\u0130 \u00c7AR\u015eAF: 100X200+30 CM<\/div>\n<div>OXFORD YASTIK: 50X70 CM (1 ADET)<\/div>\n<div>UYKU YASTI\u011eI: 50X70 CM (1 ADET)<\/div>\n<p>&nbsp;<\/p>\n","protected":false},"excerpt":{"rendered":"<p>002099045895 V\u0130TAS NEVRES\u0130M TAKIMI 160X220 TK 4 PRC YE\u015e\u0130L Kuma\u015f, %100 pamuk Aksesuar, %100 polyester 30 derece narin y\u0131kama \u00c7ama\u015f\u0131r suyu konamaz Kurutma makinesinde kurutulamaz D\u00fc\u015f\u00fck \u0131s\u0131da \u00fct\u00fclenmelidir ALT GRUP: YATAK ODASI TEKST\u0130L\u0130 NEVRES\u0130M: 160X220 CM LAST\u0130KL\u0130 \u00c7AR\u015eAF: 100X200+30 CM OXFORD YASTIK: 50X70 CM (1 ADET) UYKU YASTI\u011eI: 50X70 CM (1 ADET) &nbsp;<\/p>\n","protected":false},"featured_media":9318,"template":"","meta":[],"product_brand":[],"product_cat":[2004],"product_tag":[2018],"class_list":{"0":"post-9317","1":"product","2":"type-product","3":"status-publish","4":"has-post-thumbnail","6":"product_cat-2004","7":"product_tag-2018","9":"first","10":"instock","11":"taxable","12":"shipping-taxable","13":"product-type-simple"},"_links":{"self":[{"href":"https:\/\/kervanmagazacilik.com\/index.php\/wp-json\/wp\/v2\/product\/9317","targetHints":{"allow":["GET"]}}],"collection":[{"href":"https:\/\/kervanmagazacilik.com\/index.php\/wp-json\/wp\/v2\/product"}],"about":[{"href":"https:\/\/kervanmagazacilik.com\/index.php\/wp-json\/wp\/v2\/types\/product"}],"wp:featuredmedia":[{"embeddable":true,"href":"https:\/\/kervanmagazacilik.com\/index.php\/wp-json\/wp\/v2\/media\/9318"}],"wp:attachment":[{"href":"https:\/\/kervanmagazacilik.com\/index.php\/wp-json\/wp\/v2\/media?parent=9317"}],"wp:term":[{"taxonomy":"product_brand","embeddable":true,"href":"https:\/\/kervanmagazacilik.com\/index.php\/wp-json\/wp\/v2\/product_brand?post=9317"},{"taxonomy":"product_cat","embeddable":true,"href":"https:\/\/kervanmagazacilik.com\/index.php\/wp-json\/wp\/v2\/product_cat?post=9317"},{"taxonomy":"product_tag","embeddable":true,"href":"https:\/\/kervanmagazacilik.com\/index.php\/wp-json\/wp\/v2\/product_tag?post=9317"}],"curies":[{"name":"wp","href":"https:\/\/api.w.org\/{rel}","templated":true}]}}