{"id":9268,"date":"2024-10-12T22:31:36","date_gmt":"2024-10-12T19:31:36","guid":{"rendered":"https:\/\/kervanmagazacilik.com\/?post_type=product&#038;p=9268"},"modified":"2024-10-12T22:31:37","modified_gmt":"2024-10-12T19:31:37","slug":"002099045849","status":"publish","type":"product","link":"https:\/\/kervanmagazacilik.com\/index.php\/urun\/002099045849\/","title":{"rendered":"002099045849"},"content":{"rendered":"<p>002099045849<\/p>\n<p>ALBIS NEVRESIM TAKIMI KREM-GOLD CK.200x220cm 6 PRC<\/p>\n<p>Kuma\u015f, %100 pamuk<br \/>\nAksesuar; %100 Polyester<br \/>\n30 derece narin y\u0131kama<br \/>\n\u00c7ama\u015f\u0131r suyu konamaz<br \/>\nKurutma makinesinde kurutulamaz<br \/>\nD\u00fc\u015f\u00fck \u0131s\u0131da \u00fct\u00fclenmelidir<\/p>\n<p>NEVRES\u0130M: 200X220<br \/>\n\u00c7AR\u015eAF: 250X270<br \/>\nUYKU YASTI\u011eI: 50X70 (2 ADET)<br \/>\nOXFORD YASTIK: 50X70 (2 ADET)<\/p>\n","protected":false},"excerpt":{"rendered":"<p>002099045849 ALBIS NEVRESIM TAKIMI KREM-GOLD CK.200x220cm 6 PRC Kuma\u015f, %100 pamuk Aksesuar; %100 Polyester 30 derece narin y\u0131kama \u00c7ama\u015f\u0131r suyu konamaz Kurutma makinesinde kurutulamaz D\u00fc\u015f\u00fck \u0131s\u0131da \u00fct\u00fclenmelidir NEVRES\u0130M: 200X220 \u00c7AR\u015eAF: 250X270 UYKU YASTI\u011eI: 50X70 (2 ADET) OXFORD YASTIK: 50X70 (2 ADET)<\/p>\n","protected":false},"featured_media":0,"template":"","meta":[],"product_brand":[],"product_cat":[2004],"product_tag":[2011],"class_list":{"0":"post-9268","1":"product","2":"type-product","3":"status-publish","5":"product_cat-2004","6":"product_tag-2011","8":"first","9":"instock","10":"taxable","11":"shipping-taxable","12":"product-type-simple"},"_links":{"self":[{"href":"https:\/\/kervanmagazacilik.com\/index.php\/wp-json\/wp\/v2\/product\/9268","targetHints":{"allow":["GET"]}}],"collection":[{"href":"https:\/\/kervanmagazacilik.com\/index.php\/wp-json\/wp\/v2\/product"}],"about":[{"href":"https:\/\/kervanmagazacilik.com\/index.php\/wp-json\/wp\/v2\/types\/product"}],"wp:attachment":[{"href":"https:\/\/kervanmagazacilik.com\/index.php\/wp-json\/wp\/v2\/media?parent=9268"}],"wp:term":[{"taxonomy":"product_brand","embeddable":true,"href":"https:\/\/kervanmagazacilik.com\/index.php\/wp-json\/wp\/v2\/product_brand?post=9268"},{"taxonomy":"product_cat","embeddable":true,"href":"https:\/\/kervanmagazacilik.com\/index.php\/wp-json\/wp\/v2\/product_cat?post=9268"},{"taxonomy":"product_tag","embeddable":true,"href":"https:\/\/kervanmagazacilik.com\/index.php\/wp-json\/wp\/v2\/product_tag?post=9268"}],"curies":[{"name":"wp","href":"https:\/\/api.w.org\/{rel}","templated":true}]}}