{"id":9225,"date":"2024-10-12T22:09:59","date_gmt":"2024-10-12T19:09:59","guid":{"rendered":"https:\/\/kervanmagazacilik.com\/?post_type=product&#038;p=9225"},"modified":"2024-10-12T22:09:59","modified_gmt":"2024-10-12T19:09:59","slug":"002099045787","status":"publish","type":"product","link":"https:\/\/kervanmagazacilik.com\/index.php\/urun\/002099045787\/","title":{"rendered":"002099045787"},"content":{"rendered":"<p>002099045787<\/p>\n<p>PALMIRA NEVRESIM TAKIMI BEYAZ 200x220cm 6 PRC<\/p>\n<p>NEVRES\u0130M: 200&#215;220 cm \u00c7AR\u015eAF: 240&#215;260 cm UYKU YASTIK KILIFI: 50&#215;70 cm (2 adet) OXFORD YASTIK KILIFI: 50&#215;70 cm (2 adet) \u00d6l\u00e7\u00fcler +\/- 5 cm de\u011fi\u015fkenlik g\u00f6sterebilir 30 derece y\u0131kama \u00c7ama\u015f\u0131r suyu konamaz Kurutma makinesinde kurutulamaz D\u00fc\u015f\u00fck \u0131s\u0131da \u00fct\u00fclenmelidir<\/p>\n","protected":false},"excerpt":{"rendered":"<p>002099045787 PALMIRA NEVRESIM TAKIMI BEYAZ 200x220cm 6 PRC NEVRES\u0130M: 200&#215;220 cm \u00c7AR\u015eAF: 240&#215;260 cm UYKU YASTIK KILIFI: 50&#215;70 cm (2 adet) OXFORD YASTIK KILIFI: 50&#215;70 cm (2 adet) \u00d6l\u00e7\u00fcler +\/- 5 cm de\u011fi\u015fkenlik g\u00f6sterebilir 30 derece y\u0131kama \u00c7ama\u015f\u0131r suyu konamaz Kurutma makinesinde kurutulamaz D\u00fc\u015f\u00fck \u0131s\u0131da \u00fct\u00fclenmelidir<\/p>\n","protected":false},"featured_media":9226,"template":"","meta":[],"product_brand":[],"product_cat":[2004],"product_tag":[2005],"class_list":{"0":"post-9225","1":"product","2":"type-product","3":"status-publish","4":"has-post-thumbnail","6":"product_cat-2004","7":"product_tag-2005","9":"first","10":"instock","11":"taxable","12":"shipping-taxable","13":"product-type-simple"},"_links":{"self":[{"href":"https:\/\/kervanmagazacilik.com\/index.php\/wp-json\/wp\/v2\/product\/9225","targetHints":{"allow":["GET"]}}],"collection":[{"href":"https:\/\/kervanmagazacilik.com\/index.php\/wp-json\/wp\/v2\/product"}],"about":[{"href":"https:\/\/kervanmagazacilik.com\/index.php\/wp-json\/wp\/v2\/types\/product"}],"wp:featuredmedia":[{"embeddable":true,"href":"https:\/\/kervanmagazacilik.com\/index.php\/wp-json\/wp\/v2\/media\/9226"}],"wp:attachment":[{"href":"https:\/\/kervanmagazacilik.com\/index.php\/wp-json\/wp\/v2\/media?parent=9225"}],"wp:term":[{"taxonomy":"product_brand","embeddable":true,"href":"https:\/\/kervanmagazacilik.com\/index.php\/wp-json\/wp\/v2\/product_brand?post=9225"},{"taxonomy":"product_cat","embeddable":true,"href":"https:\/\/kervanmagazacilik.com\/index.php\/wp-json\/wp\/v2\/product_cat?post=9225"},{"taxonomy":"product_tag","embeddable":true,"href":"https:\/\/kervanmagazacilik.com\/index.php\/wp-json\/wp\/v2\/product_tag?post=9225"}],"curies":[{"name":"wp","href":"https:\/\/api.w.org\/{rel}","templated":true}]}}