{"id":9177,"date":"2024-10-07T09:26:27","date_gmt":"2024-10-07T06:26:27","guid":{"rendered":"https:\/\/kervanmagazacilik.com\/?post_type=product&#038;p=9177"},"modified":"2024-10-07T09:26:28","modified_gmt":"2024-10-07T06:26:28","slug":"759ygt000020","status":"publish","type":"product","link":"https:\/\/kervanmagazacilik.com\/index.php\/urun\/759ygt000020\/","title":{"rendered":"759YGT000020"},"content":{"rendered":"<p>759YGT000020<\/p>\n<p>2191 MUMLUK 10x10x27cm KROM<\/p>\n<p>Kuru bez ile toz al\u0131nmal\u0131d\u0131r.<\/p>\n","protected":false},"excerpt":{"rendered":"<p>759YGT000020 2191 MUMLUK 10x10x27cm KROM Kuru bez ile toz al\u0131nmal\u0131d\u0131r.<\/p>\n","protected":false},"featured_media":9178,"template":"","meta":[],"product_brand":[],"product_cat":[278],"product_tag":[1988],"class_list":{"0":"post-9177","1":"product","2":"type-product","3":"status-publish","4":"has-post-thumbnail","6":"product_cat-759ygt","7":"product_tag-759ygt000020","9":"first","10":"instock","11":"taxable","12":"shipping-taxable","13":"product-type-simple"},"_links":{"self":[{"href":"https:\/\/kervanmagazacilik.com\/index.php\/wp-json\/wp\/v2\/product\/9177","targetHints":{"allow":["GET"]}}],"collection":[{"href":"https:\/\/kervanmagazacilik.com\/index.php\/wp-json\/wp\/v2\/product"}],"about":[{"href":"https:\/\/kervanmagazacilik.com\/index.php\/wp-json\/wp\/v2\/types\/product"}],"wp:featuredmedia":[{"embeddable":true,"href":"https:\/\/kervanmagazacilik.com\/index.php\/wp-json\/wp\/v2\/media\/9178"}],"wp:attachment":[{"href":"https:\/\/kervanmagazacilik.com\/index.php\/wp-json\/wp\/v2\/media?parent=9177"}],"wp:term":[{"taxonomy":"product_brand","embeddable":true,"href":"https:\/\/kervanmagazacilik.com\/index.php\/wp-json\/wp\/v2\/product_brand?post=9177"},{"taxonomy":"product_cat","embeddable":true,"href":"https:\/\/kervanmagazacilik.com\/index.php\/wp-json\/wp\/v2\/product_cat?post=9177"},{"taxonomy":"product_tag","embeddable":true,"href":"https:\/\/kervanmagazacilik.com\/index.php\/wp-json\/wp\/v2\/product_tag?post=9177"}],"curies":[{"name":"wp","href":"https:\/\/api.w.org\/{rel}","templated":true}]}}