{"id":9121,"date":"2024-10-03T14:41:55","date_gmt":"2024-10-03T11:41:55","guid":{"rendered":"https:\/\/kervanmagazacilik.com\/?post_type=product&#038;p=9121"},"modified":"2024-10-03T14:41:55","modified_gmt":"2024-10-03T11:41:55","slug":"611dnt000025","status":"publish","type":"product","link":"https:\/\/kervanmagazacilik.com\/index.php\/urun\/611dnt000025\/","title":{"rendered":"611DNT000025"},"content":{"rendered":"<p>611DNT000025<\/p>\n<p>BARESSA-4 UCLU ANTIK SEHPA SIYAH 60x40x50cm<\/p>\n<p>BUYUK:60x40x50cm<br \/>\nORTA:37x54x45cm<br \/>\nKUCUK:49,5x34x40cm<\/p>\n<p>D\u0131\u015f mekanda kullan\u0131lmaya uygun de\u011fildir.<br \/>\n\u00c7ok g\u00fcne\u015f alan, y\u00fcksek s\u0131cakl\u0131\u011f\u0131n bulundu\u011fu cam kenar\u0131 vs gibi yerlerde kullan\u0131lmamal\u0131d\u0131r.<\/p>\n","protected":false},"excerpt":{"rendered":"<p>611DNT000025 BARESSA-4 UCLU ANTIK SEHPA SIYAH 60x40x50cm BUYUK:60x40x50cm ORTA:37x54x45cm KUCUK:49,5x34x40cm D\u0131\u015f mekanda kullan\u0131lmaya uygun de\u011fildir. \u00c7ok g\u00fcne\u015f alan, y\u00fcksek s\u0131cakl\u0131\u011f\u0131n bulundu\u011fu cam kenar\u0131 vs gibi yerlerde kullan\u0131lmamal\u0131d\u0131r.<\/p>\n","protected":false},"featured_media":9122,"template":"","meta":[],"product_brand":[],"product_cat":[88],"product_tag":[1975],"class_list":{"0":"post-9121","1":"product","2":"type-product","3":"status-publish","4":"has-post-thumbnail","6":"product_cat-611dnt","7":"product_tag-611dnt000025","9":"first","10":"instock","11":"taxable","12":"shipping-taxable","13":"product-type-simple"},"_links":{"self":[{"href":"https:\/\/kervanmagazacilik.com\/index.php\/wp-json\/wp\/v2\/product\/9121","targetHints":{"allow":["GET"]}}],"collection":[{"href":"https:\/\/kervanmagazacilik.com\/index.php\/wp-json\/wp\/v2\/product"}],"about":[{"href":"https:\/\/kervanmagazacilik.com\/index.php\/wp-json\/wp\/v2\/types\/product"}],"wp:featuredmedia":[{"embeddable":true,"href":"https:\/\/kervanmagazacilik.com\/index.php\/wp-json\/wp\/v2\/media\/9122"}],"wp:attachment":[{"href":"https:\/\/kervanmagazacilik.com\/index.php\/wp-json\/wp\/v2\/media?parent=9121"}],"wp:term":[{"taxonomy":"product_brand","embeddable":true,"href":"https:\/\/kervanmagazacilik.com\/index.php\/wp-json\/wp\/v2\/product_brand?post=9121"},{"taxonomy":"product_cat","embeddable":true,"href":"https:\/\/kervanmagazacilik.com\/index.php\/wp-json\/wp\/v2\/product_cat?post=9121"},{"taxonomy":"product_tag","embeddable":true,"href":"https:\/\/kervanmagazacilik.com\/index.php\/wp-json\/wp\/v2\/product_tag?post=9121"}],"curies":[{"name":"wp","href":"https:\/\/api.w.org\/{rel}","templated":true}]}}