{"id":9111,"date":"2024-10-03T14:39:27","date_gmt":"2024-10-03T11:39:27","guid":{"rendered":"https:\/\/kervanmagazacilik.com\/?post_type=product&#038;p=9111"},"modified":"2024-10-03T14:39:27","modified_gmt":"2024-10-03T11:39:27","slug":"611dnt000023","status":"publish","type":"product","link":"https:\/\/kervanmagazacilik.com\/index.php\/urun\/611dnt000023\/","title":{"rendered":"611DNT000023"},"content":{"rendered":"<p>611DNT000023<\/p>\n<p>BARESSA-3 UCLU ANTIK SEHPA KREM CAP:47x YUKSEKLIK:50cm<\/p>\n<p>BUYUK CAP:47 H:50cm<br \/>\nORTA CAP :42 H:45cm<br \/>\nKUCUK CAP :38 H:40cm<\/p>\n<p>D\u0131\u015f mekanda kullan\u0131lmaya uygun de\u011fildir.<br \/>\n\u00c7ok g\u00fcne\u015f alan, y\u00fcksek s\u0131cakl\u0131\u011f\u0131n bulundu\u011fu cam kenar\u0131 vs gibi yerlerde kullan\u0131lmamal\u0131d\u0131r.<\/p>\n","protected":false},"excerpt":{"rendered":"<p>611DNT000023 BARESSA-3 UCLU ANTIK SEHPA KREM CAP:47x YUKSEKLIK:50cm BUYUK CAP:47 H:50cm ORTA CAP :42 H:45cm KUCUK CAP :38 H:40cm D\u0131\u015f mekanda kullan\u0131lmaya uygun de\u011fildir. \u00c7ok g\u00fcne\u015f alan, y\u00fcksek s\u0131cakl\u0131\u011f\u0131n bulundu\u011fu cam kenar\u0131 vs gibi yerlerde kullan\u0131lmamal\u0131d\u0131r.<\/p>\n","protected":false},"featured_media":9112,"template":"","meta":[],"product_brand":[],"product_cat":[88],"product_tag":[1973],"class_list":{"0":"post-9111","1":"product","2":"type-product","3":"status-publish","4":"has-post-thumbnail","6":"product_cat-611dnt","7":"product_tag-611dnt000023","9":"first","10":"instock","11":"taxable","12":"shipping-taxable","13":"product-type-simple"},"_links":{"self":[{"href":"https:\/\/kervanmagazacilik.com\/index.php\/wp-json\/wp\/v2\/product\/9111","targetHints":{"allow":["GET"]}}],"collection":[{"href":"https:\/\/kervanmagazacilik.com\/index.php\/wp-json\/wp\/v2\/product"}],"about":[{"href":"https:\/\/kervanmagazacilik.com\/index.php\/wp-json\/wp\/v2\/types\/product"}],"wp:featuredmedia":[{"embeddable":true,"href":"https:\/\/kervanmagazacilik.com\/index.php\/wp-json\/wp\/v2\/media\/9112"}],"wp:attachment":[{"href":"https:\/\/kervanmagazacilik.com\/index.php\/wp-json\/wp\/v2\/media?parent=9111"}],"wp:term":[{"taxonomy":"product_brand","embeddable":true,"href":"https:\/\/kervanmagazacilik.com\/index.php\/wp-json\/wp\/v2\/product_brand?post=9111"},{"taxonomy":"product_cat","embeddable":true,"href":"https:\/\/kervanmagazacilik.com\/index.php\/wp-json\/wp\/v2\/product_cat?post=9111"},{"taxonomy":"product_tag","embeddable":true,"href":"https:\/\/kervanmagazacilik.com\/index.php\/wp-json\/wp\/v2\/product_tag?post=9111"}],"curies":[{"name":"wp","href":"https:\/\/api.w.org\/{rel}","templated":true}]}}