{"id":8598,"date":"2024-09-24T14:10:25","date_gmt":"2024-09-24T11:10:25","guid":{"rendered":"https:\/\/kervanmagazacilik.com\/?post_type=product&#038;p=8598"},"modified":"2024-09-24T14:10:27","modified_gmt":"2024-09-24T11:10:27","slug":"611pjs000055","status":"publish","type":"product","link":"https:\/\/kervanmagazacilik.com\/index.php\/urun\/611pjs000055\/","title":{"rendered":"611PJS000055"},"content":{"rendered":"<p>611PJS000055<\/p>\n<p>LUTYER TEKL\u0130 KOLTUK 165x65x104cm INT 5144 GB 004<\/p>\n<p>1.D\u0131\u015f kullan\u0131m i\u00e7in uygundur ancak direkt g\u00fcne\u015f \u0131\u015f\u0131\u011f\u0131 ve ya\u011fmura maruz b\u0131rak\u0131lmamal\u0131d\u0131r aksi takdirde zaman i\u00e7erisinde \u00e7atlaklar ve renk farkl\u0131l\u0131klar\u0131 meydana gelebilmektedir.<br \/>\n2.Hafif nemli bir bez yard\u0131m\u0131yla temizlenmelidir.<br \/>\n3.Su tutularak temizlenmesi durumunda kuru bir bez yard\u0131m\u0131yla hemen kurutulmal\u0131d\u0131r, kendi halinde g\u00fcne\u015fe b\u0131rak\u0131larak kurutulmamal\u0131d\u0131r.<\/p>\n","protected":false},"excerpt":{"rendered":"<p>611PJS000055 LUTYER TEKL\u0130 KOLTUK 165x65x104cm INT 5144 GB 004 1.D\u0131\u015f kullan\u0131m i\u00e7in uygundur ancak direkt g\u00fcne\u015f \u0131\u015f\u0131\u011f\u0131 ve ya\u011fmura maruz b\u0131rak\u0131lmamal\u0131d\u0131r aksi takdirde zaman i\u00e7erisinde \u00e7atlaklar ve renk farkl\u0131l\u0131klar\u0131 meydana gelebilmektedir. 2.Hafif nemli bir bez yard\u0131m\u0131yla temizlenmelidir. 3.Su tutularak temizlenmesi durumunda kuru bir bez yard\u0131m\u0131yla hemen kurutulmal\u0131d\u0131r, kendi halinde g\u00fcne\u015fe b\u0131rak\u0131larak kurutulmamal\u0131d\u0131r.<\/p>\n","protected":false},"featured_media":8599,"template":"","meta":[],"product_brand":[],"product_cat":[1857],"product_tag":[1874],"class_list":{"0":"post-8598","1":"product","2":"type-product","3":"status-publish","4":"has-post-thumbnail","6":"product_cat-611pjs","7":"product_tag-611pjs000055","9":"first","10":"instock","11":"taxable","12":"shipping-taxable","13":"product-type-simple"},"_links":{"self":[{"href":"https:\/\/kervanmagazacilik.com\/index.php\/wp-json\/wp\/v2\/product\/8598","targetHints":{"allow":["GET"]}}],"collection":[{"href":"https:\/\/kervanmagazacilik.com\/index.php\/wp-json\/wp\/v2\/product"}],"about":[{"href":"https:\/\/kervanmagazacilik.com\/index.php\/wp-json\/wp\/v2\/types\/product"}],"wp:featuredmedia":[{"embeddable":true,"href":"https:\/\/kervanmagazacilik.com\/index.php\/wp-json\/wp\/v2\/media\/8599"}],"wp:attachment":[{"href":"https:\/\/kervanmagazacilik.com\/index.php\/wp-json\/wp\/v2\/media?parent=8598"}],"wp:term":[{"taxonomy":"product_brand","embeddable":true,"href":"https:\/\/kervanmagazacilik.com\/index.php\/wp-json\/wp\/v2\/product_brand?post=8598"},{"taxonomy":"product_cat","embeddable":true,"href":"https:\/\/kervanmagazacilik.com\/index.php\/wp-json\/wp\/v2\/product_cat?post=8598"},{"taxonomy":"product_tag","embeddable":true,"href":"https:\/\/kervanmagazacilik.com\/index.php\/wp-json\/wp\/v2\/product_tag?post=8598"}],"curies":[{"name":"wp","href":"https:\/\/api.w.org\/{rel}","templated":true}]}}