{"id":8582,"date":"2024-09-24T14:01:53","date_gmt":"2024-09-24T11:01:53","guid":{"rendered":"https:\/\/kervanmagazacilik.com\/?post_type=product&#038;p=8582"},"modified":"2024-09-24T14:01:53","modified_gmt":"2024-09-24T11:01:53","slug":"611pjs000010","status":"publish","type":"product","link":"https:\/\/kervanmagazacilik.com\/index.php\/urun\/611pjs000010\/","title":{"rendered":"611PJS000010"},"content":{"rendered":"<p>611PJS000010<\/p>\n<p>KENS\u0130GNTON KOMOD\u0130N 40x52x70cm PC 23 GBD<\/p>\n<p>Havadaki partik\u00fclleri \u00f6nlemek i\u00e7in yumu\u015fak, kuru pamuklu bir bez kullanarak d\u00fczenli olarak toz al\u0131n.<br \/>\nAh\u015fap ofis masan\u0131z\u0131 veya mobilya e\u015fyalar\u0131n\u0131z\u0131 do\u011frudan a\u00e7\u0131k bir pencerenin \u00f6n\u00fcne yerle\u015ftirmekten ve do\u011frudan g\u00fcne\u015f \u0131\u015f\u0131\u011f\u0131na maruz b\u0131rakmaktan ka\u00e7\u0131n\u0131n<br \/>\nPetrol dam\u0131t\u0131c\u0131lar\u0131 veya silikon ya\u011f\u0131 i\u00e7eren ah\u015fap mobilya cilas\u0131 kullanarak ah\u015fab\u0131 koruyun &#8211; bu sadece parlak bir y\u00fczey olu\u015fturmakla kalmaz, ayn\u0131 zamanda ah\u015faba koruyucu bir tabaka ekler.<br \/>\nAh\u015fap mobilyan\u0131z\u0131n y\u00fczeyini \u00e7izebilecek veya zarar verebilecek \u0131s\u0131 veya keskin nesnelerin zarar vermesini \u00f6nlemeye \u00f6zen g\u00f6sterin.<br \/>\nKahve fincanlar\u0131n\u0131 veya su halkalar\u0131 b\u0131rakabilecek ve iz olu\u015fturabilecek i\u00e7ecekleri yerle\u015ftirirken bardak altl\u0131\u011f\u0131 kullan\u0131n.<\/p>\n","protected":false},"excerpt":{"rendered":"<p>611PJS000010 KENS\u0130GNTON KOMOD\u0130N 40x52x70cm PC 23 GBD Havadaki partik\u00fclleri \u00f6nlemek i\u00e7in yumu\u015fak, kuru pamuklu bir bez kullanarak d\u00fczenli olarak toz al\u0131n. Ah\u015fap ofis masan\u0131z\u0131 veya mobilya e\u015fyalar\u0131n\u0131z\u0131 do\u011frudan a\u00e7\u0131k bir pencerenin \u00f6n\u00fcne yerle\u015ftirmekten ve do\u011frudan g\u00fcne\u015f \u0131\u015f\u0131\u011f\u0131na maruz b\u0131rakmaktan ka\u00e7\u0131n\u0131n Petrol dam\u0131t\u0131c\u0131lar\u0131 veya silikon ya\u011f\u0131 i\u00e7eren ah\u015fap mobilya cilas\u0131 kullanarak ah\u015fab\u0131 koruyun &#8211; bu sadece [&hellip;]<\/p>\n","protected":false},"featured_media":8583,"template":"","meta":[],"product_brand":[],"product_cat":[1857],"product_tag":[1867],"class_list":{"0":"post-8582","1":"product","2":"type-product","3":"status-publish","4":"has-post-thumbnail","6":"product_cat-611pjs","7":"product_tag-611pjs000010","9":"first","10":"instock","11":"taxable","12":"shipping-taxable","13":"product-type-simple"},"_links":{"self":[{"href":"https:\/\/kervanmagazacilik.com\/index.php\/wp-json\/wp\/v2\/product\/8582","targetHints":{"allow":["GET"]}}],"collection":[{"href":"https:\/\/kervanmagazacilik.com\/index.php\/wp-json\/wp\/v2\/product"}],"about":[{"href":"https:\/\/kervanmagazacilik.com\/index.php\/wp-json\/wp\/v2\/types\/product"}],"wp:featuredmedia":[{"embeddable":true,"href":"https:\/\/kervanmagazacilik.com\/index.php\/wp-json\/wp\/v2\/media\/8583"}],"wp:attachment":[{"href":"https:\/\/kervanmagazacilik.com\/index.php\/wp-json\/wp\/v2\/media?parent=8582"}],"wp:term":[{"taxonomy":"product_brand","embeddable":true,"href":"https:\/\/kervanmagazacilik.com\/index.php\/wp-json\/wp\/v2\/product_brand?post=8582"},{"taxonomy":"product_cat","embeddable":true,"href":"https:\/\/kervanmagazacilik.com\/index.php\/wp-json\/wp\/v2\/product_cat?post=8582"},{"taxonomy":"product_tag","embeddable":true,"href":"https:\/\/kervanmagazacilik.com\/index.php\/wp-json\/wp\/v2\/product_tag?post=8582"}],"curies":[{"name":"wp","href":"https:\/\/api.w.org\/{rel}","templated":true}]}}