{"id":8530,"date":"2024-09-24T13:30:43","date_gmt":"2024-09-24T10:30:43","guid":{"rendered":"https:\/\/kervanmagazacilik.com\/?post_type=product&#038;p=8530"},"modified":"2024-09-24T13:30:44","modified_gmt":"2024-09-24T10:30:44","slug":"611nkd000014","status":"publish","type":"product","link":"https:\/\/kervanmagazacilik.com\/index.php\/urun\/611nkd000014\/","title":{"rendered":"611NKD000014"},"content":{"rendered":"<p>611NKD000014<\/p>\n<p>M\u0130HRAB PANEL 20x370x160cm NEK-018<\/p>\n<p>Direkt g\u00fcne\u015f \u0131\u015f\u0131\u011f\u0131na maruz b\u0131rak\u0131lmamal\u0131d\u0131r. Temiz kuru bir bez yard\u0131m\u0131 ile temizlenmelidir.<\/p>\n","protected":false},"excerpt":{"rendered":"<p>611NKD000014 M\u0130HRAB PANEL 20x370x160cm NEK-018 Direkt g\u00fcne\u015f \u0131\u015f\u0131\u011f\u0131na maruz b\u0131rak\u0131lmamal\u0131d\u0131r. Temiz kuru bir bez yard\u0131m\u0131 ile temizlenmelidir.<\/p>\n","protected":false},"featured_media":8532,"template":"","meta":[],"product_brand":[],"product_cat":[1837],"product_tag":[1851],"class_list":{"0":"post-8530","1":"product","2":"type-product","3":"status-publish","4":"has-post-thumbnail","6":"product_cat-611nkd","7":"product_tag-611nkd000014","9":"first","10":"instock","11":"taxable","12":"shipping-taxable","13":"product-type-simple"},"_links":{"self":[{"href":"https:\/\/kervanmagazacilik.com\/index.php\/wp-json\/wp\/v2\/product\/8530","targetHints":{"allow":["GET"]}}],"collection":[{"href":"https:\/\/kervanmagazacilik.com\/index.php\/wp-json\/wp\/v2\/product"}],"about":[{"href":"https:\/\/kervanmagazacilik.com\/index.php\/wp-json\/wp\/v2\/types\/product"}],"wp:featuredmedia":[{"embeddable":true,"href":"https:\/\/kervanmagazacilik.com\/index.php\/wp-json\/wp\/v2\/media\/8532"}],"wp:attachment":[{"href":"https:\/\/kervanmagazacilik.com\/index.php\/wp-json\/wp\/v2\/media?parent=8530"}],"wp:term":[{"taxonomy":"product_brand","embeddable":true,"href":"https:\/\/kervanmagazacilik.com\/index.php\/wp-json\/wp\/v2\/product_brand?post=8530"},{"taxonomy":"product_cat","embeddable":true,"href":"https:\/\/kervanmagazacilik.com\/index.php\/wp-json\/wp\/v2\/product_cat?post=8530"},{"taxonomy":"product_tag","embeddable":true,"href":"https:\/\/kervanmagazacilik.com\/index.php\/wp-json\/wp\/v2\/product_tag?post=8530"}],"curies":[{"name":"wp","href":"https:\/\/api.w.org\/{rel}","templated":true}]}}