{"id":8494,"date":"2024-09-24T13:06:10","date_gmt":"2024-09-24T10:06:10","guid":{"rendered":"https:\/\/kervanmagazacilik.com\/?post_type=product&#038;p=8494"},"modified":"2024-09-24T13:06:10","modified_gmt":"2024-09-24T10:06:10","slug":"611nkd000004","status":"publish","type":"product","link":"https:\/\/kervanmagazacilik.com\/index.php\/urun\/611nkd000004\/","title":{"rendered":"611NKD000004"},"content":{"rendered":"<p>611NKD000004<\/p>\n<p>YUVARLAK ORTA SEHPA 88x88x46cm NEK-004<\/p>\n<p>Direkt g\u00fcne\u015f \u0131\u015f\u0131\u011f\u0131na maruz b\u0131rak\u0131lmamal\u0131d\u0131r. Temiz kuru bir bez yard\u0131m\u0131 ile temizlenmelidir.<\/p>\n","protected":false},"excerpt":{"rendered":"<p>611NKD000004 YUVARLAK ORTA SEHPA 88x88x46cm NEK-004 Direkt g\u00fcne\u015f \u0131\u015f\u0131\u011f\u0131na maruz b\u0131rak\u0131lmamal\u0131d\u0131r. Temiz kuru bir bez yard\u0131m\u0131 ile temizlenmelidir.<\/p>\n","protected":false},"featured_media":8495,"template":"","meta":[],"product_brand":[],"product_cat":[1837],"product_tag":[1841],"class_list":{"0":"post-8494","1":"product","2":"type-product","3":"status-publish","4":"has-post-thumbnail","6":"product_cat-611nkd","7":"product_tag-611nkd000004","9":"first","10":"instock","11":"taxable","12":"shipping-taxable","13":"product-type-simple"},"_links":{"self":[{"href":"https:\/\/kervanmagazacilik.com\/index.php\/wp-json\/wp\/v2\/product\/8494","targetHints":{"allow":["GET"]}}],"collection":[{"href":"https:\/\/kervanmagazacilik.com\/index.php\/wp-json\/wp\/v2\/product"}],"about":[{"href":"https:\/\/kervanmagazacilik.com\/index.php\/wp-json\/wp\/v2\/types\/product"}],"wp:featuredmedia":[{"embeddable":true,"href":"https:\/\/kervanmagazacilik.com\/index.php\/wp-json\/wp\/v2\/media\/8495"}],"wp:attachment":[{"href":"https:\/\/kervanmagazacilik.com\/index.php\/wp-json\/wp\/v2\/media?parent=8494"}],"wp:term":[{"taxonomy":"product_brand","embeddable":true,"href":"https:\/\/kervanmagazacilik.com\/index.php\/wp-json\/wp\/v2\/product_brand?post=8494"},{"taxonomy":"product_cat","embeddable":true,"href":"https:\/\/kervanmagazacilik.com\/index.php\/wp-json\/wp\/v2\/product_cat?post=8494"},{"taxonomy":"product_tag","embeddable":true,"href":"https:\/\/kervanmagazacilik.com\/index.php\/wp-json\/wp\/v2\/product_tag?post=8494"}],"curies":[{"name":"wp","href":"https:\/\/api.w.org\/{rel}","templated":true}]}}