{"id":8462,"date":"2024-09-24T12:38:58","date_gmt":"2024-09-24T09:38:58","guid":{"rendered":"https:\/\/kervanmagazacilik.com\/?post_type=product&#038;p=8462"},"modified":"2024-09-24T12:38:58","modified_gmt":"2024-09-24T09:38:58","slug":"611khc000026","status":"publish","type":"product","link":"https:\/\/kervanmagazacilik.com\/index.php\/urun\/611khc000026\/","title":{"rendered":"611KHC000026"},"content":{"rendered":"<p>611KHC000026<\/p>\n<p>M-6446 BAR SANDALYESI 42x42x117cm<\/p>\n<p>KE\u00c7\u0130 DER\u0130S\u0130<\/p>\n<p>MANGO A\u011eACI<\/p>\n<p>Oturum y\u00fcksekli\u011fi : 82 cm<\/p>\n","protected":false},"excerpt":{"rendered":"<p>611KHC000026 M-6446 BAR SANDALYESI 42x42x117cm KE\u00c7\u0130 DER\u0130S\u0130 MANGO A\u011eACI Oturum y\u00fcksekli\u011fi : 82 cm<\/p>\n","protected":false},"featured_media":8463,"template":"","meta":[],"product_brand":[],"product_cat":[136],"product_tag":[1834],"class_list":{"0":"post-8462","1":"product","2":"type-product","3":"status-publish","4":"has-post-thumbnail","6":"product_cat-611khc","7":"product_tag-611khc000026","9":"first","10":"instock","11":"taxable","12":"shipping-taxable","13":"product-type-simple"},"_links":{"self":[{"href":"https:\/\/kervanmagazacilik.com\/index.php\/wp-json\/wp\/v2\/product\/8462","targetHints":{"allow":["GET"]}}],"collection":[{"href":"https:\/\/kervanmagazacilik.com\/index.php\/wp-json\/wp\/v2\/product"}],"about":[{"href":"https:\/\/kervanmagazacilik.com\/index.php\/wp-json\/wp\/v2\/types\/product"}],"wp:featuredmedia":[{"embeddable":true,"href":"https:\/\/kervanmagazacilik.com\/index.php\/wp-json\/wp\/v2\/media\/8463"}],"wp:attachment":[{"href":"https:\/\/kervanmagazacilik.com\/index.php\/wp-json\/wp\/v2\/media?parent=8462"}],"wp:term":[{"taxonomy":"product_brand","embeddable":true,"href":"https:\/\/kervanmagazacilik.com\/index.php\/wp-json\/wp\/v2\/product_brand?post=8462"},{"taxonomy":"product_cat","embeddable":true,"href":"https:\/\/kervanmagazacilik.com\/index.php\/wp-json\/wp\/v2\/product_cat?post=8462"},{"taxonomy":"product_tag","embeddable":true,"href":"https:\/\/kervanmagazacilik.com\/index.php\/wp-json\/wp\/v2\/product_tag?post=8462"}],"curies":[{"name":"wp","href":"https:\/\/api.w.org\/{rel}","templated":true}]}}