{"id":846,"date":"2024-08-19T15:47:04","date_gmt":"2024-08-19T12:47:04","guid":{"rendered":"https:\/\/kervanmagazacilik.com\/?post_type=product&#038;p=846"},"modified":"2024-08-19T15:47:04","modified_gmt":"2024-08-19T12:47:04","slug":"611artf00258","status":"publish","type":"product","link":"https:\/\/kervanmagazacilik.com\/index.php\/urun\/611artf00258\/","title":{"rendered":"611ARTF00258"},"content":{"rendered":"<p>611ARTF00258<\/p>\n<p>TRAFALGAR \u015e\u0130FONYER 5 \u00c7EK.1 KAPAK KAHVE<\/p>\n<p>52x123x144cm 315152-2303<\/p>\n<p>KOMOD\u0130N : 56x85x78cm<\/p>\n","protected":false},"excerpt":{"rendered":"<p>611ARTF00258 TRAFALGAR \u015e\u0130FONYER 5 \u00c7EK.1 KAPAK KAHVE 52x123x144cm 315152-2303 KOMOD\u0130N : 56x85x78cm<\/p>\n","protected":false},"featured_media":847,"template":"","meta":[],"product_brand":[],"product_cat":[41],"product_tag":[366],"class_list":{"0":"post-846","1":"product","2":"type-product","3":"status-publish","4":"has-post-thumbnail","6":"product_cat-611artf","7":"product_tag-611artf00258","9":"first","10":"instock","11":"taxable","12":"shipping-taxable","13":"product-type-simple"},"_links":{"self":[{"href":"https:\/\/kervanmagazacilik.com\/index.php\/wp-json\/wp\/v2\/product\/846","targetHints":{"allow":["GET"]}}],"collection":[{"href":"https:\/\/kervanmagazacilik.com\/index.php\/wp-json\/wp\/v2\/product"}],"about":[{"href":"https:\/\/kervanmagazacilik.com\/index.php\/wp-json\/wp\/v2\/types\/product"}],"wp:featuredmedia":[{"embeddable":true,"href":"https:\/\/kervanmagazacilik.com\/index.php\/wp-json\/wp\/v2\/media\/847"}],"wp:attachment":[{"href":"https:\/\/kervanmagazacilik.com\/index.php\/wp-json\/wp\/v2\/media?parent=846"}],"wp:term":[{"taxonomy":"product_brand","embeddable":true,"href":"https:\/\/kervanmagazacilik.com\/index.php\/wp-json\/wp\/v2\/product_brand?post=846"},{"taxonomy":"product_cat","embeddable":true,"href":"https:\/\/kervanmagazacilik.com\/index.php\/wp-json\/wp\/v2\/product_cat?post=846"},{"taxonomy":"product_tag","embeddable":true,"href":"https:\/\/kervanmagazacilik.com\/index.php\/wp-json\/wp\/v2\/product_tag?post=846"}],"curies":[{"name":"wp","href":"https:\/\/api.w.org\/{rel}","templated":true}]}}