{"id":8423,"date":"2024-09-24T11:33:31","date_gmt":"2024-09-24T08:33:31","guid":{"rendered":"https:\/\/kervanmagazacilik.com\/?post_type=product&#038;p=8423"},"modified":"2024-09-24T11:33:32","modified_gmt":"2024-09-24T08:33:32","slug":"prj100003000","status":"publish","type":"product","link":"https:\/\/kervanmagazacilik.com\/index.php\/urun\/prj100003000\/","title":{"rendered":"PRJ100003000"},"content":{"rendered":"<p>PRJ100003000<\/p>\n<p>K\u00d6\u015eE MOD\u00dcL KAHVE 91x95x71 AS015A-1A-L-SC-CR B65 CUBA BROWN<\/p>\n<p>\u0130NEK DER\u0130S\u0130, PLAST\u0130K<\/p>\n<p>91x125x71 AS015A-L B65 CUBA BROWN<br \/>\n120x120x71 AS015A-SC B65 CUBA BROWN<br \/>\n91x130x71 AS015A-CR B65 CUBA BROWN<\/p>\n","protected":false},"excerpt":{"rendered":"<p>PRJ100003000 K\u00d6\u015eE MOD\u00dcL KAHVE 91x95x71 AS015A-1A-L-SC-CR B65 CUBA BROWN \u0130NEK DER\u0130S\u0130, PLAST\u0130K 91x125x71 AS015A-L B65 CUBA BROWN 120x120x71 AS015A-SC B65 CUBA BROWN 91x130x71 AS015A-CR B65 CUBA BROWN<\/p>\n","protected":false},"featured_media":8425,"template":"","meta":[],"product_brand":[],"product_cat":[144],"product_tag":[1828],"class_list":{"0":"post-8423","1":"product","2":"type-product","3":"status-publish","4":"has-post-thumbnail","6":"product_cat-611db","7":"product_tag-prj100003000","9":"first","10":"instock","11":"taxable","12":"shipping-taxable","13":"product-type-simple"},"_links":{"self":[{"href":"https:\/\/kervanmagazacilik.com\/index.php\/wp-json\/wp\/v2\/product\/8423","targetHints":{"allow":["GET"]}}],"collection":[{"href":"https:\/\/kervanmagazacilik.com\/index.php\/wp-json\/wp\/v2\/product"}],"about":[{"href":"https:\/\/kervanmagazacilik.com\/index.php\/wp-json\/wp\/v2\/types\/product"}],"wp:featuredmedia":[{"embeddable":true,"href":"https:\/\/kervanmagazacilik.com\/index.php\/wp-json\/wp\/v2\/media\/8425"}],"wp:attachment":[{"href":"https:\/\/kervanmagazacilik.com\/index.php\/wp-json\/wp\/v2\/media?parent=8423"}],"wp:term":[{"taxonomy":"product_brand","embeddable":true,"href":"https:\/\/kervanmagazacilik.com\/index.php\/wp-json\/wp\/v2\/product_brand?post=8423"},{"taxonomy":"product_cat","embeddable":true,"href":"https:\/\/kervanmagazacilik.com\/index.php\/wp-json\/wp\/v2\/product_cat?post=8423"},{"taxonomy":"product_tag","embeddable":true,"href":"https:\/\/kervanmagazacilik.com\/index.php\/wp-json\/wp\/v2\/product_tag?post=8423"}],"curies":[{"name":"wp","href":"https:\/\/api.w.org\/{rel}","templated":true}]}}