{"id":8402,"date":"2024-09-24T11:26:22","date_gmt":"2024-09-24T08:26:22","guid":{"rendered":"https:\/\/kervanmagazacilik.com\/?post_type=product&#038;p=8402"},"modified":"2024-09-24T11:26:23","modified_gmt":"2024-09-24T08:26:23","slug":"611drs000011","status":"publish","type":"product","link":"https:\/\/kervanmagazacilik.com\/index.php\/urun\/611drs000011\/","title":{"rendered":"611DRS000011"},"content":{"rendered":"<p>611DRS000011<\/p>\n<p>DC8023 MIDU TEKLI KOLTUK 93x72x94cm<\/p>\n<p>%100 POLYESTER BAH\u00c7E MOB\u0130LYASI KUMA\u015eI<\/p>\n<p>DO\u011eAL RATTAN OLDUKLARI \u0130\u00c7\u0130N \u00dcST\u00dc KAPALI ORTAMDA KULLANILMALIDIR.<\/p>\n","protected":false},"excerpt":{"rendered":"<p>611DRS000011 DC8023 MIDU TEKLI KOLTUK 93x72x94cm %100 POLYESTER BAH\u00c7E MOB\u0130LYASI KUMA\u015eI DO\u011eAL RATTAN OLDUKLARI \u0130\u00c7\u0130N \u00dcST\u00dc KAPALI ORTAMDA KULLANILMALIDIR.<\/p>\n","protected":false},"featured_media":8404,"template":"","meta":[],"product_brand":[],"product_cat":[1815],"product_tag":[1824],"class_list":{"0":"post-8402","1":"product","2":"type-product","3":"status-publish","4":"has-post-thumbnail","6":"product_cat-611drs","7":"product_tag-611drs000011","9":"first","10":"instock","11":"taxable","12":"shipping-taxable","13":"product-type-simple"},"_links":{"self":[{"href":"https:\/\/kervanmagazacilik.com\/index.php\/wp-json\/wp\/v2\/product\/8402","targetHints":{"allow":["GET"]}}],"collection":[{"href":"https:\/\/kervanmagazacilik.com\/index.php\/wp-json\/wp\/v2\/product"}],"about":[{"href":"https:\/\/kervanmagazacilik.com\/index.php\/wp-json\/wp\/v2\/types\/product"}],"wp:featuredmedia":[{"embeddable":true,"href":"https:\/\/kervanmagazacilik.com\/index.php\/wp-json\/wp\/v2\/media\/8404"}],"wp:attachment":[{"href":"https:\/\/kervanmagazacilik.com\/index.php\/wp-json\/wp\/v2\/media?parent=8402"}],"wp:term":[{"taxonomy":"product_brand","embeddable":true,"href":"https:\/\/kervanmagazacilik.com\/index.php\/wp-json\/wp\/v2\/product_brand?post=8402"},{"taxonomy":"product_cat","embeddable":true,"href":"https:\/\/kervanmagazacilik.com\/index.php\/wp-json\/wp\/v2\/product_cat?post=8402"},{"taxonomy":"product_tag","embeddable":true,"href":"https:\/\/kervanmagazacilik.com\/index.php\/wp-json\/wp\/v2\/product_tag?post=8402"}],"curies":[{"name":"wp","href":"https:\/\/api.w.org\/{rel}","templated":true}]}}