{"id":8369,"date":"2024-09-24T11:17:35","date_gmt":"2024-09-24T08:17:35","guid":{"rendered":"https:\/\/kervanmagazacilik.com\/?post_type=product&#038;p=8369"},"modified":"2024-09-24T11:36:37","modified_gmt":"2024-09-24T08:36:37","slug":"611drs000003","status":"publish","type":"product","link":"https:\/\/kervanmagazacilik.com\/index.php\/urun\/611drs000003\/","title":{"rendered":"611DRS000003"},"content":{"rendered":"<p>611DRS000003<\/p>\n<p>DC501 MIDU YAN SEHPA 45x51cm<\/p>\n<p>DO\u011eAL RATTAN OLDUKLARI \u0130\u00c7\u0130N \u00dcST\u00dc KAPALI ORTAMDA KULLANILMALIDIR.<\/p>\n<p>&nbsp;<\/p>\n","protected":false},"excerpt":{"rendered":"<p>611DRS000003 DC501 MIDU YAN SEHPA 45x51cm DO\u011eAL RATTAN OLDUKLARI \u0130\u00c7\u0130N \u00dcST\u00dc KAPALI ORTAMDA KULLANILMALIDIR. &nbsp;<\/p>\n","protected":false},"featured_media":8378,"template":"","meta":[],"product_brand":[],"product_cat":[1815],"product_tag":[],"class_list":{"0":"post-8369","1":"product","2":"type-product","3":"status-publish","4":"has-post-thumbnail","6":"product_cat-611drs","8":"first","9":"instock","10":"taxable","11":"shipping-taxable","12":"product-type-simple"},"_links":{"self":[{"href":"https:\/\/kervanmagazacilik.com\/index.php\/wp-json\/wp\/v2\/product\/8369","targetHints":{"allow":["GET"]}}],"collection":[{"href":"https:\/\/kervanmagazacilik.com\/index.php\/wp-json\/wp\/v2\/product"}],"about":[{"href":"https:\/\/kervanmagazacilik.com\/index.php\/wp-json\/wp\/v2\/types\/product"}],"wp:featuredmedia":[{"embeddable":true,"href":"https:\/\/kervanmagazacilik.com\/index.php\/wp-json\/wp\/v2\/media\/8378"}],"wp:attachment":[{"href":"https:\/\/kervanmagazacilik.com\/index.php\/wp-json\/wp\/v2\/media?parent=8369"}],"wp:term":[{"taxonomy":"product_brand","embeddable":true,"href":"https:\/\/kervanmagazacilik.com\/index.php\/wp-json\/wp\/v2\/product_brand?post=8369"},{"taxonomy":"product_cat","embeddable":true,"href":"https:\/\/kervanmagazacilik.com\/index.php\/wp-json\/wp\/v2\/product_cat?post=8369"},{"taxonomy":"product_tag","embeddable":true,"href":"https:\/\/kervanmagazacilik.com\/index.php\/wp-json\/wp\/v2\/product_tag?post=8369"}],"curies":[{"name":"wp","href":"https:\/\/api.w.org\/{rel}","templated":true}]}}