{"id":8360,"date":"2024-09-24T11:11:04","date_gmt":"2024-09-24T08:11:04","guid":{"rendered":"https:\/\/kervanmagazacilik.com\/?post_type=product&#038;p=8360"},"modified":"2024-09-24T11:11:06","modified_gmt":"2024-09-24T08:11:06","slug":"611drs000002","status":"publish","type":"product","link":"https:\/\/kervanmagazacilik.com\/index.php\/urun\/611drs000002\/","title":{"rendered":"611DRS000002"},"content":{"rendered":"<p>611DRS000002<\/p>\n<p>DC512 MIDU UZANMA KOLTUGU 85x57x86cm<\/p>\n<p>%100 POLYESTER BAH\u00c7E MOB\u0130LYASI KUMA\u015eI<\/p>\n<p>DO\u011eAL RATTAN OLDUKLARI \u0130\u00c7\u0130N \u00dcST\u00dc KAPALI ORTAMDA KULLANILMALIDIR.<\/p>\n","protected":false},"excerpt":{"rendered":"<p>611DRS000002 DC512 MIDU UZANMA KOLTUGU 85x57x86cm %100 POLYESTER BAH\u00c7E MOB\u0130LYASI KUMA\u015eI DO\u011eAL RATTAN OLDUKLARI \u0130\u00c7\u0130N \u00dcST\u00dc KAPALI ORTAMDA KULLANILMALIDIR.<\/p>\n","protected":false},"featured_media":8362,"template":"","meta":[],"product_brand":[],"product_cat":[1815],"product_tag":[1817],"class_list":{"0":"post-8360","1":"product","2":"type-product","3":"status-publish","4":"has-post-thumbnail","6":"product_cat-611drs","7":"product_tag-611drs000002","9":"first","10":"instock","11":"taxable","12":"shipping-taxable","13":"product-type-simple"},"_links":{"self":[{"href":"https:\/\/kervanmagazacilik.com\/index.php\/wp-json\/wp\/v2\/product\/8360","targetHints":{"allow":["GET"]}}],"collection":[{"href":"https:\/\/kervanmagazacilik.com\/index.php\/wp-json\/wp\/v2\/product"}],"about":[{"href":"https:\/\/kervanmagazacilik.com\/index.php\/wp-json\/wp\/v2\/types\/product"}],"wp:featuredmedia":[{"embeddable":true,"href":"https:\/\/kervanmagazacilik.com\/index.php\/wp-json\/wp\/v2\/media\/8362"}],"wp:attachment":[{"href":"https:\/\/kervanmagazacilik.com\/index.php\/wp-json\/wp\/v2\/media?parent=8360"}],"wp:term":[{"taxonomy":"product_brand","embeddable":true,"href":"https:\/\/kervanmagazacilik.com\/index.php\/wp-json\/wp\/v2\/product_brand?post=8360"},{"taxonomy":"product_cat","embeddable":true,"href":"https:\/\/kervanmagazacilik.com\/index.php\/wp-json\/wp\/v2\/product_cat?post=8360"},{"taxonomy":"product_tag","embeddable":true,"href":"https:\/\/kervanmagazacilik.com\/index.php\/wp-json\/wp\/v2\/product_tag?post=8360"}],"curies":[{"name":"wp","href":"https:\/\/api.w.org\/{rel}","templated":true}]}}