{"id":8358,"date":"2024-09-24T11:10:40","date_gmt":"2024-09-24T08:10:40","guid":{"rendered":"https:\/\/kervanmagazacilik.com\/?post_type=product&#038;p=8358"},"modified":"2024-09-24T11:10:40","modified_gmt":"2024-09-24T08:10:40","slug":"611drs000001","status":"publish","type":"product","link":"https:\/\/kervanmagazacilik.com\/index.php\/urun\/611drs000001\/","title":{"rendered":"611DRS000001"},"content":{"rendered":"<p>611DRS000001<\/p>\n<p>DC520 ALEGRO KOLLU SANDALYE 73x66x92cm<\/p>\n<p>%100 POLYESTER BAH\u00c7E MOB\u0130LYASI KUMA\u015eI<\/p>\n<p>DO\u011eAL RATTAN OLDUKLARI \u0130\u00c7\u0130N \u00dcST\u00dc KAPALI ORTAMDA KULLANILMALIDIR.<\/p>\n","protected":false},"excerpt":{"rendered":"<p>611DRS000001 DC520 ALEGRO KOLLU SANDALYE 73x66x92cm %100 POLYESTER BAH\u00c7E MOB\u0130LYASI KUMA\u015eI DO\u011eAL RATTAN OLDUKLARI \u0130\u00c7\u0130N \u00dcST\u00dc KAPALI ORTAMDA KULLANILMALIDIR.<\/p>\n","protected":false},"featured_media":8359,"template":"","meta":[],"product_brand":[],"product_cat":[1815],"product_tag":[1816],"class_list":{"0":"post-8358","1":"product","2":"type-product","3":"status-publish","4":"has-post-thumbnail","6":"product_cat-611drs","7":"product_tag-611drs000001","9":"first","10":"instock","11":"taxable","12":"shipping-taxable","13":"product-type-simple"},"_links":{"self":[{"href":"https:\/\/kervanmagazacilik.com\/index.php\/wp-json\/wp\/v2\/product\/8358","targetHints":{"allow":["GET"]}}],"collection":[{"href":"https:\/\/kervanmagazacilik.com\/index.php\/wp-json\/wp\/v2\/product"}],"about":[{"href":"https:\/\/kervanmagazacilik.com\/index.php\/wp-json\/wp\/v2\/types\/product"}],"wp:featuredmedia":[{"embeddable":true,"href":"https:\/\/kervanmagazacilik.com\/index.php\/wp-json\/wp\/v2\/media\/8359"}],"wp:attachment":[{"href":"https:\/\/kervanmagazacilik.com\/index.php\/wp-json\/wp\/v2\/media?parent=8358"}],"wp:term":[{"taxonomy":"product_brand","embeddable":true,"href":"https:\/\/kervanmagazacilik.com\/index.php\/wp-json\/wp\/v2\/product_brand?post=8358"},{"taxonomy":"product_cat","embeddable":true,"href":"https:\/\/kervanmagazacilik.com\/index.php\/wp-json\/wp\/v2\/product_cat?post=8358"},{"taxonomy":"product_tag","embeddable":true,"href":"https:\/\/kervanmagazacilik.com\/index.php\/wp-json\/wp\/v2\/product_tag?post=8358"}],"curies":[{"name":"wp","href":"https:\/\/api.w.org\/{rel}","templated":true}]}}