{"id":8344,"date":"2024-09-24T09:43:07","date_gmt":"2024-09-24T06:43:07","guid":{"rendered":"https:\/\/kervanmagazacilik.com\/?post_type=product&#038;p=8344"},"modified":"2024-09-24T09:43:07","modified_gmt":"2024-09-24T06:43:07","slug":"611bme000007","status":"publish","type":"product","link":"https:\/\/kervanmagazacilik.com\/index.php\/urun\/611bme000007\/","title":{"rendered":"611BME000007"},"content":{"rendered":"<p>611BME000007<\/p>\n<p>MILAN SANDALYE BEYAZ 48x58x100cm<\/p>\n<p>%100 POLYESTER BAH\u00c7E MOB\u0130LYASI KUMA\u015eI<\/p>\n","protected":false},"excerpt":{"rendered":"<p>611BME000007 MILAN SANDALYE BEYAZ 48x58x100cm %100 POLYESTER BAH\u00c7E MOB\u0130LYASI KUMA\u015eI<\/p>\n","protected":false},"featured_media":8345,"template":"","meta":[],"product_brand":[],"product_cat":[1807],"product_tag":[1813],"class_list":{"0":"post-8344","1":"product","2":"type-product","3":"status-publish","4":"has-post-thumbnail","6":"product_cat-611bme","7":"product_tag-611bme000007","9":"first","10":"instock","11":"taxable","12":"shipping-taxable","13":"product-type-simple"},"_links":{"self":[{"href":"https:\/\/kervanmagazacilik.com\/index.php\/wp-json\/wp\/v2\/product\/8344","targetHints":{"allow":["GET"]}}],"collection":[{"href":"https:\/\/kervanmagazacilik.com\/index.php\/wp-json\/wp\/v2\/product"}],"about":[{"href":"https:\/\/kervanmagazacilik.com\/index.php\/wp-json\/wp\/v2\/types\/product"}],"wp:featuredmedia":[{"embeddable":true,"href":"https:\/\/kervanmagazacilik.com\/index.php\/wp-json\/wp\/v2\/media\/8345"}],"wp:attachment":[{"href":"https:\/\/kervanmagazacilik.com\/index.php\/wp-json\/wp\/v2\/media?parent=8344"}],"wp:term":[{"taxonomy":"product_brand","embeddable":true,"href":"https:\/\/kervanmagazacilik.com\/index.php\/wp-json\/wp\/v2\/product_brand?post=8344"},{"taxonomy":"product_cat","embeddable":true,"href":"https:\/\/kervanmagazacilik.com\/index.php\/wp-json\/wp\/v2\/product_cat?post=8344"},{"taxonomy":"product_tag","embeddable":true,"href":"https:\/\/kervanmagazacilik.com\/index.php\/wp-json\/wp\/v2\/product_tag?post=8344"}],"curies":[{"name":"wp","href":"https:\/\/api.w.org\/{rel}","templated":true}]}}