{"id":8336,"date":"2024-09-24T09:33:39","date_gmt":"2024-09-24T06:33:39","guid":{"rendered":"https:\/\/kervanmagazacilik.com\/?post_type=product&#038;p=8336"},"modified":"2024-09-24T09:33:40","modified_gmt":"2024-09-24T06:33:40","slug":"611bme000005","status":"publish","type":"product","link":"https:\/\/kervanmagazacilik.com\/index.php\/urun\/611bme000005\/","title":{"rendered":"611BME000005"},"content":{"rendered":"<p>611BME000005<\/p>\n<p>MUSTANG RATTAN TEKLI KOLTUK BEYAZ 92x97x80cm<\/p>\n<p>%100 POLYESTER BAH\u00c7E MOB\u0130LYASI KUMA\u015eI<\/p>\n","protected":false},"excerpt":{"rendered":"<p>611BME000005 MUSTANG RATTAN TEKLI KOLTUK BEYAZ 92x97x80cm %100 POLYESTER BAH\u00c7E MOB\u0130LYASI KUMA\u015eI<\/p>\n","protected":false},"featured_media":8337,"template":"","meta":[],"product_brand":[],"product_cat":[1807],"product_tag":[1811],"class_list":{"0":"post-8336","1":"product","2":"type-product","3":"status-publish","4":"has-post-thumbnail","6":"product_cat-611bme","7":"product_tag-611bme000005","9":"first","10":"instock","11":"taxable","12":"shipping-taxable","13":"product-type-simple"},"_links":{"self":[{"href":"https:\/\/kervanmagazacilik.com\/index.php\/wp-json\/wp\/v2\/product\/8336","targetHints":{"allow":["GET"]}}],"collection":[{"href":"https:\/\/kervanmagazacilik.com\/index.php\/wp-json\/wp\/v2\/product"}],"about":[{"href":"https:\/\/kervanmagazacilik.com\/index.php\/wp-json\/wp\/v2\/types\/product"}],"wp:featuredmedia":[{"embeddable":true,"href":"https:\/\/kervanmagazacilik.com\/index.php\/wp-json\/wp\/v2\/media\/8337"}],"wp:attachment":[{"href":"https:\/\/kervanmagazacilik.com\/index.php\/wp-json\/wp\/v2\/media?parent=8336"}],"wp:term":[{"taxonomy":"product_brand","embeddable":true,"href":"https:\/\/kervanmagazacilik.com\/index.php\/wp-json\/wp\/v2\/product_brand?post=8336"},{"taxonomy":"product_cat","embeddable":true,"href":"https:\/\/kervanmagazacilik.com\/index.php\/wp-json\/wp\/v2\/product_cat?post=8336"},{"taxonomy":"product_tag","embeddable":true,"href":"https:\/\/kervanmagazacilik.com\/index.php\/wp-json\/wp\/v2\/product_tag?post=8336"}],"curies":[{"name":"wp","href":"https:\/\/api.w.org\/{rel}","templated":true}]}}