{"id":8332,"date":"2024-09-24T09:32:20","date_gmt":"2024-09-24T06:32:20","guid":{"rendered":"https:\/\/kervanmagazacilik.com\/?post_type=product&#038;p=8332"},"modified":"2024-09-24T09:32:20","modified_gmt":"2024-09-24T06:32:20","slug":"611bme000004","status":"publish","type":"product","link":"https:\/\/kervanmagazacilik.com\/index.php\/urun\/611bme000004\/","title":{"rendered":"611BME000004"},"content":{"rendered":"<p>611BME000004<\/p>\n<p>MUSTANG RATTAN UCLU KOLTUK BEYAZ 215x97x80cm<\/p>\n<p>%100 POLYESTER BAH\u00c7E MOB\u0130LYASI KUMA\u015eI<\/p>\n","protected":false},"excerpt":{"rendered":"<p>611BME000004 MUSTANG RATTAN UCLU KOLTUK BEYAZ 215x97x80cm %100 POLYESTER BAH\u00c7E MOB\u0130LYASI KUMA\u015eI<\/p>\n","protected":false},"featured_media":8333,"template":"","meta":[],"product_brand":[],"product_cat":[1807],"product_tag":[1810],"class_list":{"0":"post-8332","1":"product","2":"type-product","3":"status-publish","4":"has-post-thumbnail","6":"product_cat-611bme","7":"product_tag-611bme000004","9":"first","10":"instock","11":"taxable","12":"shipping-taxable","13":"product-type-simple"},"_links":{"self":[{"href":"https:\/\/kervanmagazacilik.com\/index.php\/wp-json\/wp\/v2\/product\/8332","targetHints":{"allow":["GET"]}}],"collection":[{"href":"https:\/\/kervanmagazacilik.com\/index.php\/wp-json\/wp\/v2\/product"}],"about":[{"href":"https:\/\/kervanmagazacilik.com\/index.php\/wp-json\/wp\/v2\/types\/product"}],"wp:featuredmedia":[{"embeddable":true,"href":"https:\/\/kervanmagazacilik.com\/index.php\/wp-json\/wp\/v2\/media\/8333"}],"wp:attachment":[{"href":"https:\/\/kervanmagazacilik.com\/index.php\/wp-json\/wp\/v2\/media?parent=8332"}],"wp:term":[{"taxonomy":"product_brand","embeddable":true,"href":"https:\/\/kervanmagazacilik.com\/index.php\/wp-json\/wp\/v2\/product_brand?post=8332"},{"taxonomy":"product_cat","embeddable":true,"href":"https:\/\/kervanmagazacilik.com\/index.php\/wp-json\/wp\/v2\/product_cat?post=8332"},{"taxonomy":"product_tag","embeddable":true,"href":"https:\/\/kervanmagazacilik.com\/index.php\/wp-json\/wp\/v2\/product_tag?post=8332"}],"curies":[{"name":"wp","href":"https:\/\/api.w.org\/{rel}","templated":true}]}}