{"id":8278,"date":"2024-09-24T08:32:58","date_gmt":"2024-09-24T05:32:58","guid":{"rendered":"https:\/\/kervanmagazacilik.com\/?post_type=product&#038;p=8278"},"modified":"2024-09-24T08:32:58","modified_gmt":"2024-09-24T05:32:58","slug":"611abt000019","status":"publish","type":"product","link":"https:\/\/kervanmagazacilik.com\/index.php\/urun\/611abt000019\/","title":{"rendered":"611ABT000019"},"content":{"rendered":"<p>611ABT000019<\/p>\n<p>VERDE LUCY IKILI SALINCAK 52x97x197cm HS2016GL<\/p>\n<p>%100 Polyester Bah\u00e7e Mobilyas\u0131 kuma\u015f\u0131<\/p>\n<p>\u00c7\u0130N&#8217;DE \u00dcRET\u0130LM\u0130\u015eT\u0130R<\/p>\n","protected":false},"excerpt":{"rendered":"<p>611ABT000019 VERDE LUCY IKILI SALINCAK 52x97x197cm HS2016GL %100 Polyester Bah\u00e7e Mobilyas\u0131 kuma\u015f\u0131 \u00c7\u0130N&#8217;DE \u00dcRET\u0130LM\u0130\u015eT\u0130R<\/p>\n","protected":false},"featured_media":8279,"template":"","meta":[],"product_brand":[],"product_cat":[96],"product_tag":[1796],"class_list":{"0":"post-8278","1":"product","2":"type-product","3":"status-publish","4":"has-post-thumbnail","6":"product_cat-611abt","7":"product_tag-611abt000019","9":"first","10":"instock","11":"taxable","12":"shipping-taxable","13":"product-type-simple"},"_links":{"self":[{"href":"https:\/\/kervanmagazacilik.com\/index.php\/wp-json\/wp\/v2\/product\/8278","targetHints":{"allow":["GET"]}}],"collection":[{"href":"https:\/\/kervanmagazacilik.com\/index.php\/wp-json\/wp\/v2\/product"}],"about":[{"href":"https:\/\/kervanmagazacilik.com\/index.php\/wp-json\/wp\/v2\/types\/product"}],"wp:featuredmedia":[{"embeddable":true,"href":"https:\/\/kervanmagazacilik.com\/index.php\/wp-json\/wp\/v2\/media\/8279"}],"wp:attachment":[{"href":"https:\/\/kervanmagazacilik.com\/index.php\/wp-json\/wp\/v2\/media?parent=8278"}],"wp:term":[{"taxonomy":"product_brand","embeddable":true,"href":"https:\/\/kervanmagazacilik.com\/index.php\/wp-json\/wp\/v2\/product_brand?post=8278"},{"taxonomy":"product_cat","embeddable":true,"href":"https:\/\/kervanmagazacilik.com\/index.php\/wp-json\/wp\/v2\/product_cat?post=8278"},{"taxonomy":"product_tag","embeddable":true,"href":"https:\/\/kervanmagazacilik.com\/index.php\/wp-json\/wp\/v2\/product_tag?post=8278"}],"curies":[{"name":"wp","href":"https:\/\/api.w.org\/{rel}","templated":true}]}}