{"id":8276,"date":"2024-09-24T08:30:55","date_gmt":"2024-09-24T05:30:55","guid":{"rendered":"https:\/\/kervanmagazacilik.com\/?post_type=product&#038;p=8276"},"modified":"2024-09-24T08:30:55","modified_gmt":"2024-09-24T05:30:55","slug":"611abt000002","status":"publish","type":"product","link":"https:\/\/kervanmagazacilik.com\/index.php\/urun\/611abt000002\/","title":{"rendered":"611ABT000002"},"content":{"rendered":"<p>611ABT000002<\/p>\n<p>VERDE HS2014FP\/5 YUVARLAK SEHPA KAHVE 122x51cm 611ABT<\/p>\n<p>\u00c7\u0130N&#8217;DE \u00dcRET\u0130LM\u0130\u015eT\u0130R<\/p>\n<p>&nbsp;<\/p>\n","protected":false},"excerpt":{"rendered":"<p>611ABT000002 VERDE HS2014FP\/5 YUVARLAK SEHPA KAHVE 122x51cm 611ABT \u00c7\u0130N&#8217;DE \u00dcRET\u0130LM\u0130\u015eT\u0130R &nbsp;<\/p>\n","protected":false},"featured_media":8277,"template":"","meta":[],"product_brand":[],"product_cat":[96],"product_tag":[1795],"class_list":{"0":"post-8276","1":"product","2":"type-product","3":"status-publish","4":"has-post-thumbnail","6":"product_cat-611abt","7":"product_tag-611abt000002","9":"first","10":"instock","11":"taxable","12":"shipping-taxable","13":"product-type-simple"},"_links":{"self":[{"href":"https:\/\/kervanmagazacilik.com\/index.php\/wp-json\/wp\/v2\/product\/8276","targetHints":{"allow":["GET"]}}],"collection":[{"href":"https:\/\/kervanmagazacilik.com\/index.php\/wp-json\/wp\/v2\/product"}],"about":[{"href":"https:\/\/kervanmagazacilik.com\/index.php\/wp-json\/wp\/v2\/types\/product"}],"wp:featuredmedia":[{"embeddable":true,"href":"https:\/\/kervanmagazacilik.com\/index.php\/wp-json\/wp\/v2\/media\/8277"}],"wp:attachment":[{"href":"https:\/\/kervanmagazacilik.com\/index.php\/wp-json\/wp\/v2\/media?parent=8276"}],"wp:term":[{"taxonomy":"product_brand","embeddable":true,"href":"https:\/\/kervanmagazacilik.com\/index.php\/wp-json\/wp\/v2\/product_brand?post=8276"},{"taxonomy":"product_cat","embeddable":true,"href":"https:\/\/kervanmagazacilik.com\/index.php\/wp-json\/wp\/v2\/product_cat?post=8276"},{"taxonomy":"product_tag","embeddable":true,"href":"https:\/\/kervanmagazacilik.com\/index.php\/wp-json\/wp\/v2\/product_tag?post=8276"}],"curies":[{"name":"wp","href":"https:\/\/api.w.org\/{rel}","templated":true}]}}