{"id":8268,"date":"2024-09-23T16:32:56","date_gmt":"2024-09-23T13:32:56","guid":{"rendered":"https:\/\/kervanmagazacilik.com\/?post_type=product&#038;p=8268"},"modified":"2024-09-23T16:32:56","modified_gmt":"2024-09-23T13:32:56","slug":"611artf43304","status":"publish","type":"product","link":"https:\/\/kervanmagazacilik.com\/index.php\/urun\/611artf43304\/","title":{"rendered":"611ARTF43304"},"content":{"rendered":"<p>611ARTF43304<\/p>\n<p>OLD WORLD 43304 YAN SEHPA KARE 66x71x69cm<\/p>\n<p>Monteri \u00c7am\u0131<br \/>\nMonteri \u00c7am\u0131 a\u011f\u0131rl\u0131kl\u0131 olarak Avusturalya da yeti\u015fmekte olup Arjantin ve G\u00fcney Afrikada da g\u00f6r\u00fclmektedir.<br \/>\nAMER\u0130KAN MARKASI, \u00c7\u0130N MEN\u015eE\u0130L\u0130D\u0130R<br \/>\nKURU BEZLE TEM\u0130ZLEME YAPINIZ.<\/p>\n","protected":false},"excerpt":{"rendered":"<p>611ARTF43304 OLD WORLD 43304 YAN SEHPA KARE 66x71x69cm Monteri \u00c7am\u0131 Monteri \u00c7am\u0131 a\u011f\u0131rl\u0131kl\u0131 olarak Avusturalya da yeti\u015fmekte olup Arjantin ve G\u00fcney Afrikada da g\u00f6r\u00fclmektedir. AMER\u0130KAN MARKASI, \u00c7\u0130N MEN\u015eE\u0130L\u0130D\u0130R KURU BEZLE TEM\u0130ZLEME YAPINIZ.<\/p>\n","protected":false},"featured_media":8269,"template":"","meta":[],"product_brand":[],"product_cat":[41],"product_tag":[1792],"class_list":{"0":"post-8268","1":"product","2":"type-product","3":"status-publish","4":"has-post-thumbnail","6":"product_cat-611artf","7":"product_tag-611artf43304","9":"first","10":"instock","11":"taxable","12":"shipping-taxable","13":"product-type-simple"},"_links":{"self":[{"href":"https:\/\/kervanmagazacilik.com\/index.php\/wp-json\/wp\/v2\/product\/8268","targetHints":{"allow":["GET"]}}],"collection":[{"href":"https:\/\/kervanmagazacilik.com\/index.php\/wp-json\/wp\/v2\/product"}],"about":[{"href":"https:\/\/kervanmagazacilik.com\/index.php\/wp-json\/wp\/v2\/types\/product"}],"wp:featuredmedia":[{"embeddable":true,"href":"https:\/\/kervanmagazacilik.com\/index.php\/wp-json\/wp\/v2\/media\/8269"}],"wp:attachment":[{"href":"https:\/\/kervanmagazacilik.com\/index.php\/wp-json\/wp\/v2\/media?parent=8268"}],"wp:term":[{"taxonomy":"product_brand","embeddable":true,"href":"https:\/\/kervanmagazacilik.com\/index.php\/wp-json\/wp\/v2\/product_brand?post=8268"},{"taxonomy":"product_cat","embeddable":true,"href":"https:\/\/kervanmagazacilik.com\/index.php\/wp-json\/wp\/v2\/product_cat?post=8268"},{"taxonomy":"product_tag","embeddable":true,"href":"https:\/\/kervanmagazacilik.com\/index.php\/wp-json\/wp\/v2\/product_tag?post=8268"}],"curies":[{"name":"wp","href":"https:\/\/api.w.org\/{rel}","templated":true}]}}