{"id":8262,"date":"2024-09-23T16:29:24","date_gmt":"2024-09-23T13:29:24","guid":{"rendered":"https:\/\/kervanmagazacilik.com\/?post_type=product&#038;p=8262"},"modified":"2024-09-23T16:29:24","modified_gmt":"2024-09-23T13:29:24","slug":"611artf43300","status":"publish","type":"product","link":"https:\/\/kervanmagazacilik.com\/index.php\/urun\/611artf43300\/","title":{"rendered":"611ARTF43300"},"content":{"rendered":"<p>611ARTF43300<\/p>\n<p>OLD WORLD 43300 DIKTDORTGEN ORTA SEHPA 130x80x50cm<\/p>\n<p>Monteri \u00c7am\u0131<br \/>\nMonteri \u00c7am\u0131 a\u011f\u0131rl\u0131kl\u0131 olarak Avusturalya da yeti\u015fmekte olup Arjantin ve G\u00fcney Afrikada da g\u00f6r\u00fclmektedir.<br \/>\nAMER\u0130KAN MARKASI, \u00c7\u0130N MEN\u015eE\u0130L\u0130D\u0130R<br \/>\nKURU BEZLE TEM\u0130ZLEME YAPINIZ.<\/p>\n","protected":false},"excerpt":{"rendered":"<p>611ARTF43300 OLD WORLD 43300 DIKTDORTGEN ORTA SEHPA 130x80x50cm Monteri \u00c7am\u0131 Monteri \u00c7am\u0131 a\u011f\u0131rl\u0131kl\u0131 olarak Avusturalya da yeti\u015fmekte olup Arjantin ve G\u00fcney Afrikada da g\u00f6r\u00fclmektedir. AMER\u0130KAN MARKASI, \u00c7\u0130N MEN\u015eE\u0130L\u0130D\u0130R KURU BEZLE TEM\u0130ZLEME YAPINIZ.<\/p>\n","protected":false},"featured_media":8263,"template":"","meta":[],"product_brand":[],"product_cat":[41],"product_tag":[1789],"class_list":{"0":"post-8262","1":"product","2":"type-product","3":"status-publish","4":"has-post-thumbnail","6":"product_cat-611artf","7":"product_tag-611artf43300","9":"first","10":"instock","11":"taxable","12":"shipping-taxable","13":"product-type-simple"},"_links":{"self":[{"href":"https:\/\/kervanmagazacilik.com\/index.php\/wp-json\/wp\/v2\/product\/8262","targetHints":{"allow":["GET"]}}],"collection":[{"href":"https:\/\/kervanmagazacilik.com\/index.php\/wp-json\/wp\/v2\/product"}],"about":[{"href":"https:\/\/kervanmagazacilik.com\/index.php\/wp-json\/wp\/v2\/types\/product"}],"wp:featuredmedia":[{"embeddable":true,"href":"https:\/\/kervanmagazacilik.com\/index.php\/wp-json\/wp\/v2\/media\/8263"}],"wp:attachment":[{"href":"https:\/\/kervanmagazacilik.com\/index.php\/wp-json\/wp\/v2\/media?parent=8262"}],"wp:term":[{"taxonomy":"product_brand","embeddable":true,"href":"https:\/\/kervanmagazacilik.com\/index.php\/wp-json\/wp\/v2\/product_brand?post=8262"},{"taxonomy":"product_cat","embeddable":true,"href":"https:\/\/kervanmagazacilik.com\/index.php\/wp-json\/wp\/v2\/product_cat?post=8262"},{"taxonomy":"product_tag","embeddable":true,"href":"https:\/\/kervanmagazacilik.com\/index.php\/wp-json\/wp\/v2\/product_tag?post=8262"}],"curies":[{"name":"wp","href":"https:\/\/api.w.org\/{rel}","templated":true}]}}