{"id":8121,"date":"2024-09-23T15:16:15","date_gmt":"2024-09-23T12:16:15","guid":{"rendered":"https:\/\/kervanmagazacilik.com\/?post_type=product&#038;p=8121"},"modified":"2024-09-23T15:16:16","modified_gmt":"2024-09-23T12:16:16","slug":"611artf00363","status":"publish","type":"product","link":"https:\/\/kervanmagazacilik.com\/index.php\/urun\/611artf00363\/","title":{"rendered":"611ARTF00363"},"content":{"rendered":"<p>611ARTF00363<\/p>\n<p>PASSAGE \u015e\u0130FONYER 8 \u00c7EKMECE KAHVE 51x178x106cm 287130-2302<\/p>\n","protected":false},"excerpt":{"rendered":"<p>611ARTF00363 PASSAGE \u015e\u0130FONYER 8 \u00c7EKMECE KAHVE 51x178x106cm 287130-2302<\/p>\n","protected":false},"featured_media":8125,"template":"","meta":[],"product_brand":[],"product_cat":[41],"product_tag":[1756],"class_list":{"0":"post-8121","1":"product","2":"type-product","3":"status-publish","4":"has-post-thumbnail","6":"product_cat-611artf","7":"product_tag-611artf00363","9":"first","10":"instock","11":"taxable","12":"shipping-taxable","13":"product-type-simple"},"_links":{"self":[{"href":"https:\/\/kervanmagazacilik.com\/index.php\/wp-json\/wp\/v2\/product\/8121","targetHints":{"allow":["GET"]}}],"collection":[{"href":"https:\/\/kervanmagazacilik.com\/index.php\/wp-json\/wp\/v2\/product"}],"about":[{"href":"https:\/\/kervanmagazacilik.com\/index.php\/wp-json\/wp\/v2\/types\/product"}],"wp:featuredmedia":[{"embeddable":true,"href":"https:\/\/kervanmagazacilik.com\/index.php\/wp-json\/wp\/v2\/media\/8125"}],"wp:attachment":[{"href":"https:\/\/kervanmagazacilik.com\/index.php\/wp-json\/wp\/v2\/media?parent=8121"}],"wp:term":[{"taxonomy":"product_brand","embeddable":true,"href":"https:\/\/kervanmagazacilik.com\/index.php\/wp-json\/wp\/v2\/product_brand?post=8121"},{"taxonomy":"product_cat","embeddable":true,"href":"https:\/\/kervanmagazacilik.com\/index.php\/wp-json\/wp\/v2\/product_cat?post=8121"},{"taxonomy":"product_tag","embeddable":true,"href":"https:\/\/kervanmagazacilik.com\/index.php\/wp-json\/wp\/v2\/product_tag?post=8121"}],"curies":[{"name":"wp","href":"https:\/\/api.w.org\/{rel}","templated":true}]}}