{"id":812,"date":"2024-08-19T15:23:29","date_gmt":"2024-08-19T12:23:29","guid":{"rendered":"https:\/\/kervanmagazacilik.com\/?post_type=product&#038;p=812"},"modified":"2024-08-19T15:23:29","modified_gmt":"2024-08-19T12:23:29","slug":"611artf00237","status":"publish","type":"product","link":"https:\/\/kervanmagazacilik.com\/index.php\/urun\/611artf00237\/","title":{"rendered":"611ARTF00237"},"content":{"rendered":"<p>611ARTF00237<\/p>\n<p>NORTH SIDE YATAK<\/p>\n<p>209.6&#215;227.3&#215;146.7cm 269126-2556FB-HB-RS<\/p>\n<p>KOMOD\u0130N : 56x85x78cm<\/p>\n<p>Yatak i\u00e7in i\u00e7 yatak \u00f6l\u00e7\u00fcs\u00fc 193 x 203 cm&#8217;dir.<\/p>\n","protected":false},"excerpt":{"rendered":"<p>611ARTF00237 NORTH SIDE YATAK 209.6&#215;227.3&#215;146.7cm 269126-2556FB-HB-RS KOMOD\u0130N : 56x85x78cm Yatak i\u00e7in i\u00e7 yatak \u00f6l\u00e7\u00fcs\u00fc 193 x 203 cm&#8217;dir.<\/p>\n","protected":false},"featured_media":813,"template":"","meta":[],"product_brand":[],"product_cat":[41],"product_tag":[359],"class_list":{"0":"post-812","1":"product","2":"type-product","3":"status-publish","4":"has-post-thumbnail","6":"product_cat-611artf","7":"product_tag-611artf00237","9":"first","10":"instock","11":"taxable","12":"shipping-taxable","13":"product-type-simple"},"_links":{"self":[{"href":"https:\/\/kervanmagazacilik.com\/index.php\/wp-json\/wp\/v2\/product\/812","targetHints":{"allow":["GET"]}}],"collection":[{"href":"https:\/\/kervanmagazacilik.com\/index.php\/wp-json\/wp\/v2\/product"}],"about":[{"href":"https:\/\/kervanmagazacilik.com\/index.php\/wp-json\/wp\/v2\/types\/product"}],"wp:featuredmedia":[{"embeddable":true,"href":"https:\/\/kervanmagazacilik.com\/index.php\/wp-json\/wp\/v2\/media\/813"}],"wp:attachment":[{"href":"https:\/\/kervanmagazacilik.com\/index.php\/wp-json\/wp\/v2\/media?parent=812"}],"wp:term":[{"taxonomy":"product_brand","embeddable":true,"href":"https:\/\/kervanmagazacilik.com\/index.php\/wp-json\/wp\/v2\/product_brand?post=812"},{"taxonomy":"product_cat","embeddable":true,"href":"https:\/\/kervanmagazacilik.com\/index.php\/wp-json\/wp\/v2\/product_cat?post=812"},{"taxonomy":"product_tag","embeddable":true,"href":"https:\/\/kervanmagazacilik.com\/index.php\/wp-json\/wp\/v2\/product_tag?post=812"}],"curies":[{"name":"wp","href":"https:\/\/api.w.org\/{rel}","templated":true}]}}