{"id":7789,"date":"2024-09-23T08:28:42","date_gmt":"2024-09-23T05:28:42","guid":{"rendered":"https:\/\/kervanmagazacilik.com\/?post_type=product&#038;p=7789"},"modified":"2024-09-23T08:28:45","modified_gmt":"2024-09-23T05:28:45","slug":"611artf00232","status":"publish","type":"product","link":"https:\/\/kervanmagazacilik.com\/index.php\/urun\/611artf00232\/","title":{"rendered":"611ARTF00232"},"content":{"rendered":"<p>611ARTF00232<\/p>\n<p>ARCH\u0130TRAVE \u00c7ALI\u015eMA MASASI KAHVE 66x198x91cm 277235-2608<\/p>\n","protected":false},"excerpt":{"rendered":"<p>611ARTF00232 ARCH\u0130TRAVE \u00c7ALI\u015eMA MASASI KAHVE 66x198x91cm 277235-2608<\/p>\n","protected":false},"featured_media":7791,"template":"","meta":[],"product_brand":[],"product_cat":[41],"product_tag":[1704],"class_list":{"0":"post-7789","1":"product","2":"type-product","3":"status-publish","4":"has-post-thumbnail","6":"product_cat-611artf","7":"product_tag-611artf00232","9":"first","10":"instock","11":"taxable","12":"shipping-taxable","13":"product-type-simple"},"_links":{"self":[{"href":"https:\/\/kervanmagazacilik.com\/index.php\/wp-json\/wp\/v2\/product\/7789","targetHints":{"allow":["GET"]}}],"collection":[{"href":"https:\/\/kervanmagazacilik.com\/index.php\/wp-json\/wp\/v2\/product"}],"about":[{"href":"https:\/\/kervanmagazacilik.com\/index.php\/wp-json\/wp\/v2\/types\/product"}],"wp:featuredmedia":[{"embeddable":true,"href":"https:\/\/kervanmagazacilik.com\/index.php\/wp-json\/wp\/v2\/media\/7791"}],"wp:attachment":[{"href":"https:\/\/kervanmagazacilik.com\/index.php\/wp-json\/wp\/v2\/media?parent=7789"}],"wp:term":[{"taxonomy":"product_brand","embeddable":true,"href":"https:\/\/kervanmagazacilik.com\/index.php\/wp-json\/wp\/v2\/product_brand?post=7789"},{"taxonomy":"product_cat","embeddable":true,"href":"https:\/\/kervanmagazacilik.com\/index.php\/wp-json\/wp\/v2\/product_cat?post=7789"},{"taxonomy":"product_tag","embeddable":true,"href":"https:\/\/kervanmagazacilik.com\/index.php\/wp-json\/wp\/v2\/product_tag?post=7789"}],"curies":[{"name":"wp","href":"https:\/\/api.w.org\/{rel}","templated":true}]}}