{"id":774,"date":"2024-08-19T14:45:13","date_gmt":"2024-08-19T11:45:13","guid":{"rendered":"https:\/\/kervanmagazacilik.com\/?post_type=product&#038;p=774"},"modified":"2024-08-19T14:45:14","modified_gmt":"2024-08-19T11:45:14","slug":"611artf00068","status":"publish","type":"product","link":"https:\/\/kervanmagazacilik.com\/index.php\/urun\/611artf00068\/","title":{"rendered":"611ARTF00068"},"content":{"rendered":"<p>611ARTF00068<\/p>\n<p>VALENCIA YATAK KAHVE<\/p>\n<p>168x256x182cm 209145-146-2304FB-HB-RS<\/p>\n<p>KOMODIN 48x95x82cm<\/p>\n<p>Yatak i\u00e7in i\u00e7 yatak \u00f6l\u00e7\u00fcs\u00fc 153 x 203 cm&#8217;dir.<\/p>\n","protected":false},"excerpt":{"rendered":"<p>611ARTF00068 VALENCIA YATAK KAHVE 168x256x182cm 209145-146-2304FB-HB-RS KOMODIN 48x95x82cm Yatak i\u00e7in i\u00e7 yatak \u00f6l\u00e7\u00fcs\u00fc 153 x 203 cm&#8217;dir.<\/p>\n","protected":false},"featured_media":775,"template":"","meta":[],"product_brand":[],"product_cat":[41],"product_tag":[348],"class_list":{"0":"post-774","1":"product","2":"type-product","3":"status-publish","4":"has-post-thumbnail","6":"product_cat-611artf","7":"product_tag-611artf00068","9":"first","10":"instock","11":"taxable","12":"shipping-taxable","13":"product-type-simple"},"_links":{"self":[{"href":"https:\/\/kervanmagazacilik.com\/index.php\/wp-json\/wp\/v2\/product\/774","targetHints":{"allow":["GET"]}}],"collection":[{"href":"https:\/\/kervanmagazacilik.com\/index.php\/wp-json\/wp\/v2\/product"}],"about":[{"href":"https:\/\/kervanmagazacilik.com\/index.php\/wp-json\/wp\/v2\/types\/product"}],"wp:featuredmedia":[{"embeddable":true,"href":"https:\/\/kervanmagazacilik.com\/index.php\/wp-json\/wp\/v2\/media\/775"}],"wp:attachment":[{"href":"https:\/\/kervanmagazacilik.com\/index.php\/wp-json\/wp\/v2\/media?parent=774"}],"wp:term":[{"taxonomy":"product_brand","embeddable":true,"href":"https:\/\/kervanmagazacilik.com\/index.php\/wp-json\/wp\/v2\/product_brand?post=774"},{"taxonomy":"product_cat","embeddable":true,"href":"https:\/\/kervanmagazacilik.com\/index.php\/wp-json\/wp\/v2\/product_cat?post=774"},{"taxonomy":"product_tag","embeddable":true,"href":"https:\/\/kervanmagazacilik.com\/index.php\/wp-json\/wp\/v2\/product_tag?post=774"}],"curies":[{"name":"wp","href":"https:\/\/api.w.org\/{rel}","templated":true}]}}