{"id":7668,"date":"2024-09-22T22:04:02","date_gmt":"2024-09-22T19:04:02","guid":{"rendered":"https:\/\/kervanmagazacilik.com\/?post_type=product&#038;p=7668"},"modified":"2024-09-22T22:04:06","modified_gmt":"2024-09-22T19:04:06","slug":"611artf00204","status":"publish","type":"product","link":"https:\/\/kervanmagazacilik.com\/index.php\/urun\/611artf00204\/","title":{"rendered":"611ARTF00204"},"content":{"rendered":"<p>611ARTF00204<\/p>\n<p>ET\u0130ENNE V\u0130TR\u0130N 2 KAPAK GR\u0130 48&#215;116,80x236cm 317240-2610<\/p>\n","protected":false},"excerpt":{"rendered":"<p>611ARTF00204 ET\u0130ENNE V\u0130TR\u0130N 2 KAPAK GR\u0130 48&#215;116,80x236cm 317240-2610<\/p>\n","protected":false},"featured_media":7670,"template":"","meta":[],"product_brand":[],"product_cat":[41],"product_tag":[1681],"class_list":{"0":"post-7668","1":"product","2":"type-product","3":"status-publish","4":"has-post-thumbnail","6":"product_cat-611artf","7":"product_tag-611artf00204","9":"first","10":"instock","11":"taxable","12":"shipping-taxable","13":"product-type-simple"},"_links":{"self":[{"href":"https:\/\/kervanmagazacilik.com\/index.php\/wp-json\/wp\/v2\/product\/7668","targetHints":{"allow":["GET"]}}],"collection":[{"href":"https:\/\/kervanmagazacilik.com\/index.php\/wp-json\/wp\/v2\/product"}],"about":[{"href":"https:\/\/kervanmagazacilik.com\/index.php\/wp-json\/wp\/v2\/types\/product"}],"wp:featuredmedia":[{"embeddable":true,"href":"https:\/\/kervanmagazacilik.com\/index.php\/wp-json\/wp\/v2\/media\/7670"}],"wp:attachment":[{"href":"https:\/\/kervanmagazacilik.com\/index.php\/wp-json\/wp\/v2\/media?parent=7668"}],"wp:term":[{"taxonomy":"product_brand","embeddable":true,"href":"https:\/\/kervanmagazacilik.com\/index.php\/wp-json\/wp\/v2\/product_brand?post=7668"},{"taxonomy":"product_cat","embeddable":true,"href":"https:\/\/kervanmagazacilik.com\/index.php\/wp-json\/wp\/v2\/product_cat?post=7668"},{"taxonomy":"product_tag","embeddable":true,"href":"https:\/\/kervanmagazacilik.com\/index.php\/wp-json\/wp\/v2\/product_tag?post=7668"}],"curies":[{"name":"wp","href":"https:\/\/api.w.org\/{rel}","templated":true}]}}