{"id":739,"date":"2024-08-19T12:25:07","date_gmt":"2024-08-19T09:25:07","guid":{"rendered":"https:\/\/kervanmagazacilik.com\/?post_type=product&#038;p=739"},"modified":"2024-08-19T12:25:07","modified_gmt":"2024-08-19T09:25:07","slug":"611ac0000522-2","status":"publish","type":"product","link":"https:\/\/kervanmagazacilik.com\/index.php\/urun\/611ac0000522-2\/","title":{"rendered":"611AC0000522"},"content":{"rendered":"<p>611AC0000522<\/p>\n<p>PAR\u0130S CH\u0130C \u015e\u0130FONYER KREM-KAHVE<\/p>\n<p>50x112x152cm 9003070SA-409<\/p>\n","protected":false},"excerpt":{"rendered":"<p>611AC0000522 PAR\u0130S CH\u0130C \u015e\u0130FONYER KREM-KAHVE 50x112x152cm 9003070SA-409<\/p>\n","protected":false},"featured_media":740,"template":"","meta":[],"product_brand":[],"product_cat":[42],"product_tag":[48],"class_list":{"0":"post-739","1":"product","2":"type-product","3":"status-publish","4":"has-post-thumbnail","6":"product_cat-611ac","7":"product_tag-611ac0000522","9":"first","10":"instock","11":"taxable","12":"shipping-taxable","13":"product-type-simple"},"_links":{"self":[{"href":"https:\/\/kervanmagazacilik.com\/index.php\/wp-json\/wp\/v2\/product\/739","targetHints":{"allow":["GET"]}}],"collection":[{"href":"https:\/\/kervanmagazacilik.com\/index.php\/wp-json\/wp\/v2\/product"}],"about":[{"href":"https:\/\/kervanmagazacilik.com\/index.php\/wp-json\/wp\/v2\/types\/product"}],"wp:featuredmedia":[{"embeddable":true,"href":"https:\/\/kervanmagazacilik.com\/index.php\/wp-json\/wp\/v2\/media\/740"}],"wp:attachment":[{"href":"https:\/\/kervanmagazacilik.com\/index.php\/wp-json\/wp\/v2\/media?parent=739"}],"wp:term":[{"taxonomy":"product_brand","embeddable":true,"href":"https:\/\/kervanmagazacilik.com\/index.php\/wp-json\/wp\/v2\/product_brand?post=739"},{"taxonomy":"product_cat","embeddable":true,"href":"https:\/\/kervanmagazacilik.com\/index.php\/wp-json\/wp\/v2\/product_cat?post=739"},{"taxonomy":"product_tag","embeddable":true,"href":"https:\/\/kervanmagazacilik.com\/index.php\/wp-json\/wp\/v2\/product_tag?post=739"}],"curies":[{"name":"wp","href":"https:\/\/api.w.org\/{rel}","templated":true}]}}