{"id":7284,"date":"2024-09-22T19:44:42","date_gmt":"2024-09-22T16:44:42","guid":{"rendered":"https:\/\/kervanmagazacilik.com\/?post_type=product&#038;p=7284"},"modified":"2024-09-22T19:44:43","modified_gmt":"2024-09-22T16:44:43","slug":"611dsg000122","status":"publish","type":"product","link":"https:\/\/kervanmagazacilik.com\/index.php\/urun\/611dsg000122\/","title":{"rendered":"611DSG000122"},"content":{"rendered":"<p>611DSG000122<\/p>\n<p>DEKORATIF SEMSIYE DESENLI 50x95cm<\/p>\n<p>kafur a\u011fac\u0131 iskelet poly-pamuk kuma\u015f<\/p>\n","protected":false},"excerpt":{"rendered":"<p>611DSG000122 DEKORATIF SEMSIYE DESENLI 50x95cm kafur a\u011fac\u0131 iskelet poly-pamuk kuma\u015f<\/p>\n","protected":false},"featured_media":7285,"template":"","meta":[],"product_brand":[],"product_cat":[1500],"product_tag":[1606],"class_list":{"0":"post-7284","1":"product","2":"type-product","3":"status-publish","4":"has-post-thumbnail","6":"product_cat-611dsg","7":"product_tag-611dsg000122","9":"first","10":"instock","11":"taxable","12":"shipping-taxable","13":"product-type-simple"},"_links":{"self":[{"href":"https:\/\/kervanmagazacilik.com\/index.php\/wp-json\/wp\/v2\/product\/7284","targetHints":{"allow":["GET"]}}],"collection":[{"href":"https:\/\/kervanmagazacilik.com\/index.php\/wp-json\/wp\/v2\/product"}],"about":[{"href":"https:\/\/kervanmagazacilik.com\/index.php\/wp-json\/wp\/v2\/types\/product"}],"wp:featuredmedia":[{"embeddable":true,"href":"https:\/\/kervanmagazacilik.com\/index.php\/wp-json\/wp\/v2\/media\/7285"}],"wp:attachment":[{"href":"https:\/\/kervanmagazacilik.com\/index.php\/wp-json\/wp\/v2\/media?parent=7284"}],"wp:term":[{"taxonomy":"product_brand","embeddable":true,"href":"https:\/\/kervanmagazacilik.com\/index.php\/wp-json\/wp\/v2\/product_brand?post=7284"},{"taxonomy":"product_cat","embeddable":true,"href":"https:\/\/kervanmagazacilik.com\/index.php\/wp-json\/wp\/v2\/product_cat?post=7284"},{"taxonomy":"product_tag","embeddable":true,"href":"https:\/\/kervanmagazacilik.com\/index.php\/wp-json\/wp\/v2\/product_tag?post=7284"}],"curies":[{"name":"wp","href":"https:\/\/api.w.org\/{rel}","templated":true}]}}