{"id":721,"date":"2024-08-19T12:11:23","date_gmt":"2024-08-19T09:11:23","guid":{"rendered":"https:\/\/kervanmagazacilik.com\/?post_type=product&#038;p=721"},"modified":"2024-08-19T12:11:23","modified_gmt":"2024-08-19T09:11:23","slug":"611ac0000520-2","status":"publish","type":"product","link":"https:\/\/kervanmagazacilik.com\/index.php\/urun\/611ac0000520-2\/","title":{"rendered":"611AC0000520"},"content":{"rendered":"<p>611AC0000520<\/p>\n<p>PAR\u0130S CH\u0130C YATAK+2 KOMOD\u0130N KREM-KAHVE<\/p>\n<p>213x228x176cm 9003014-3137-238-3040-409<\/p>\n<p>KOMOD\u0130N : 47x70x75cm<\/p>\n<p>Yatak i\u00e7in i\u00e7 yatak \u00f6l\u00e7\u00fcs\u00fc 193 x 203 cm&#8217;dir.<\/p>\n","protected":false},"excerpt":{"rendered":"<p>611AC0000520 PAR\u0130S CH\u0130C YATAK+2 KOMOD\u0130N KREM-KAHVE 213x228x176cm 9003014-3137-238-3040-409 KOMOD\u0130N : 47x70x75cm Yatak i\u00e7in i\u00e7 yatak \u00f6l\u00e7\u00fcs\u00fc 193 x 203 cm&#8217;dir.<\/p>\n","protected":false},"featured_media":722,"template":"","meta":[],"product_brand":[],"product_cat":[42],"product_tag":[50],"class_list":{"0":"post-721","1":"product","2":"type-product","3":"status-publish","4":"has-post-thumbnail","6":"product_cat-611ac","7":"product_tag-611ac0000520","9":"first","10":"instock","11":"taxable","12":"shipping-taxable","13":"product-type-simple"},"_links":{"self":[{"href":"https:\/\/kervanmagazacilik.com\/index.php\/wp-json\/wp\/v2\/product\/721","targetHints":{"allow":["GET"]}}],"collection":[{"href":"https:\/\/kervanmagazacilik.com\/index.php\/wp-json\/wp\/v2\/product"}],"about":[{"href":"https:\/\/kervanmagazacilik.com\/index.php\/wp-json\/wp\/v2\/types\/product"}],"wp:featuredmedia":[{"embeddable":true,"href":"https:\/\/kervanmagazacilik.com\/index.php\/wp-json\/wp\/v2\/media\/722"}],"wp:attachment":[{"href":"https:\/\/kervanmagazacilik.com\/index.php\/wp-json\/wp\/v2\/media?parent=721"}],"wp:term":[{"taxonomy":"product_brand","embeddable":true,"href":"https:\/\/kervanmagazacilik.com\/index.php\/wp-json\/wp\/v2\/product_brand?post=721"},{"taxonomy":"product_cat","embeddable":true,"href":"https:\/\/kervanmagazacilik.com\/index.php\/wp-json\/wp\/v2\/product_cat?post=721"},{"taxonomy":"product_tag","embeddable":true,"href":"https:\/\/kervanmagazacilik.com\/index.php\/wp-json\/wp\/v2\/product_tag?post=721"}],"curies":[{"name":"wp","href":"https:\/\/api.w.org\/{rel}","templated":true}]}}