{"id":6975,"date":"2024-09-22T18:03:59","date_gmt":"2024-09-22T15:03:59","guid":{"rendered":"https:\/\/kervanmagazacilik.com\/?post_type=product&#038;p=6975"},"modified":"2024-09-22T18:03:59","modified_gmt":"2024-09-22T15:03:59","slug":"611dsg000051","status":"publish","type":"product","link":"https:\/\/kervanmagazacilik.com\/index.php\/urun\/611dsg000051\/","title":{"rendered":"611DSG000051"},"content":{"rendered":"<p>611DSG000051<\/p>\n<p>KOLTUK TAKIMI 2.5+1+1+SEHPA 74x170x74cm<\/p>\n<p>TEKL\u0130 KOLTUK : 74x78x74cm<\/p>\n<p>SEHPA : 50x76x40cm<\/p>\n<p>muz lifi has\u0131r-kafur a\u011fac\u0131 iskelet<\/p>\n<p>&nbsp;<\/p>\n","protected":false},"excerpt":{"rendered":"<p>611DSG000051 KOLTUK TAKIMI 2.5+1+1+SEHPA 74x170x74cm TEKL\u0130 KOLTUK : 74x78x74cm SEHPA : 50x76x40cm muz lifi has\u0131r-kafur a\u011fac\u0131 iskelet &nbsp;<\/p>\n","protected":false},"featured_media":6976,"template":"","meta":[],"product_brand":[],"product_cat":[1500],"product_tag":[1546],"class_list":{"0":"post-6975","1":"product","2":"type-product","3":"status-publish","4":"has-post-thumbnail","6":"product_cat-611dsg","7":"product_tag-611dsg000051","9":"first","10":"instock","11":"taxable","12":"shipping-taxable","13":"product-type-simple"},"_links":{"self":[{"href":"https:\/\/kervanmagazacilik.com\/index.php\/wp-json\/wp\/v2\/product\/6975","targetHints":{"allow":["GET"]}}],"collection":[{"href":"https:\/\/kervanmagazacilik.com\/index.php\/wp-json\/wp\/v2\/product"}],"about":[{"href":"https:\/\/kervanmagazacilik.com\/index.php\/wp-json\/wp\/v2\/types\/product"}],"wp:featuredmedia":[{"embeddable":true,"href":"https:\/\/kervanmagazacilik.com\/index.php\/wp-json\/wp\/v2\/media\/6976"}],"wp:attachment":[{"href":"https:\/\/kervanmagazacilik.com\/index.php\/wp-json\/wp\/v2\/media?parent=6975"}],"wp:term":[{"taxonomy":"product_brand","embeddable":true,"href":"https:\/\/kervanmagazacilik.com\/index.php\/wp-json\/wp\/v2\/product_brand?post=6975"},{"taxonomy":"product_cat","embeddable":true,"href":"https:\/\/kervanmagazacilik.com\/index.php\/wp-json\/wp\/v2\/product_cat?post=6975"},{"taxonomy":"product_tag","embeddable":true,"href":"https:\/\/kervanmagazacilik.com\/index.php\/wp-json\/wp\/v2\/product_tag?post=6975"}],"curies":[{"name":"wp","href":"https:\/\/api.w.org\/{rel}","templated":true}]}}