{"id":6935,"date":"2024-09-22T17:49:26","date_gmt":"2024-09-22T14:49:26","guid":{"rendered":"https:\/\/kervanmagazacilik.com\/?post_type=product&#038;p=6935"},"modified":"2024-09-22T17:49:27","modified_gmt":"2024-09-22T14:49:27","slug":"611dsg000042","status":"publish","type":"product","link":"https:\/\/kervanmagazacilik.com\/index.php\/urun\/611dsg000042\/","title":{"rendered":"611DSG000042"},"content":{"rendered":"<p>611DSG000042<\/p>\n<p>BANANA BAR SANDALYESI 32x37x105cm<\/p>\n<p>su s\u00fcmb\u00fcl\u00fc has\u0131r- kafur a\u011fac\u0131 iskelet<br \/>\nMuz lifi ve su s\u00fcmb\u00fcl\u00fc gibi malzemeler, kolay b\u00fck\u00fcl\u00fcp \u015fekil verilerek \u00f6r\u00fclebilmeleri, tamamen do\u011fal malzemeler olmalar\u0131 ve mobilyaya katt\u0131klar\u0131 estetik sebebiyle tercih edilmektedirler.<br \/>\nMuz lifi, muz a\u011fac\u0131n\u0131n liflerinden, su s\u00fcmb\u00fcl\u00fc \u201cwater hyacinth\u201d ad\u0131 verilen \u00e7i\u00e7ekli bir bitkiden, abaka ise yine muz familyas\u0131ndan gelen bir a\u011fac\u0131n sap liflerinden elde edilen materyallerdir.<br \/>\n\u00d6rg\u00fc mobilyalar\u0131n temizli\u011finin, \u0131slak sabunlu bir bez ile yap\u0131lmas\u0131 \u00f6nerilir. Ancak \u00e7ok fazla su kullanmak, ya\u011fmur ya da karda b\u0131rakmak, do\u011fal liflerden yap\u0131lan mobilyaya zarar verir. Bu gibi olumsuz durumlara kar\u015f\u0131 mobilyalar\u0131n korunmas\u0131 tavsiye edilir.Neme maruz kalan \u00fcr\u00fcnler kurulanmal\u0131 ve temizlenmelidir .<\/p>\n","protected":false},"excerpt":{"rendered":"<p>611DSG000042 BANANA BAR SANDALYESI 32x37x105cm su s\u00fcmb\u00fcl\u00fc has\u0131r- kafur a\u011fac\u0131 iskelet Muz lifi ve su s\u00fcmb\u00fcl\u00fc gibi malzemeler, kolay b\u00fck\u00fcl\u00fcp \u015fekil verilerek \u00f6r\u00fclebilmeleri, tamamen do\u011fal malzemeler olmalar\u0131 ve mobilyaya katt\u0131klar\u0131 estetik sebebiyle tercih edilmektedirler. Muz lifi, muz a\u011fac\u0131n\u0131n liflerinden, su s\u00fcmb\u00fcl\u00fc \u201cwater hyacinth\u201d ad\u0131 verilen \u00e7i\u00e7ekli bir bitkiden, abaka ise yine muz familyas\u0131ndan gelen bir [&hellip;]<\/p>\n","protected":false},"featured_media":6936,"template":"","meta":[],"product_brand":[],"product_cat":[1500],"product_tag":[1537],"class_list":{"0":"post-6935","1":"product","2":"type-product","3":"status-publish","4":"has-post-thumbnail","6":"product_cat-611dsg","7":"product_tag-611dsg000042","9":"first","10":"instock","11":"taxable","12":"shipping-taxable","13":"product-type-simple"},"_links":{"self":[{"href":"https:\/\/kervanmagazacilik.com\/index.php\/wp-json\/wp\/v2\/product\/6935","targetHints":{"allow":["GET"]}}],"collection":[{"href":"https:\/\/kervanmagazacilik.com\/index.php\/wp-json\/wp\/v2\/product"}],"about":[{"href":"https:\/\/kervanmagazacilik.com\/index.php\/wp-json\/wp\/v2\/types\/product"}],"wp:featuredmedia":[{"embeddable":true,"href":"https:\/\/kervanmagazacilik.com\/index.php\/wp-json\/wp\/v2\/media\/6936"}],"wp:attachment":[{"href":"https:\/\/kervanmagazacilik.com\/index.php\/wp-json\/wp\/v2\/media?parent=6935"}],"wp:term":[{"taxonomy":"product_brand","embeddable":true,"href":"https:\/\/kervanmagazacilik.com\/index.php\/wp-json\/wp\/v2\/product_brand?post=6935"},{"taxonomy":"product_cat","embeddable":true,"href":"https:\/\/kervanmagazacilik.com\/index.php\/wp-json\/wp\/v2\/product_cat?post=6935"},{"taxonomy":"product_tag","embeddable":true,"href":"https:\/\/kervanmagazacilik.com\/index.php\/wp-json\/wp\/v2\/product_tag?post=6935"}],"curies":[{"name":"wp","href":"https:\/\/api.w.org\/{rel}","templated":true}]}}