{"id":6877,"date":"2024-09-22T17:26:50","date_gmt":"2024-09-22T14:26:50","guid":{"rendered":"https:\/\/kervanmagazacilik.com\/?post_type=product&#038;p=6877"},"modified":"2024-09-22T17:26:50","modified_gmt":"2024-09-22T14:26:50","slug":"611dsg000025","status":"publish","type":"product","link":"https:\/\/kervanmagazacilik.com\/index.php\/urun\/611dsg000025\/","title":{"rendered":"611DSG000025"},"content":{"rendered":"<p>611DSG000025<\/p>\n<p>BAKAU YAN SEHPA 53x53x53cm<\/p>\n<p>do\u011fal ah\u015fap par\u00e7alar\u0131 -cam<\/p>\n","protected":false},"excerpt":{"rendered":"<p>611DSG000025 BAKAU YAN SEHPA 53x53x53cm do\u011fal ah\u015fap par\u00e7alar\u0131 -cam<\/p>\n","protected":false},"featured_media":6878,"template":"","meta":[],"product_brand":[],"product_cat":[1500],"product_tag":[1522],"class_list":{"0":"post-6877","1":"product","2":"type-product","3":"status-publish","4":"has-post-thumbnail","6":"product_cat-611dsg","7":"product_tag-611dsg000025","9":"first","10":"instock","11":"taxable","12":"shipping-taxable","13":"product-type-simple"},"_links":{"self":[{"href":"https:\/\/kervanmagazacilik.com\/index.php\/wp-json\/wp\/v2\/product\/6877","targetHints":{"allow":["GET"]}}],"collection":[{"href":"https:\/\/kervanmagazacilik.com\/index.php\/wp-json\/wp\/v2\/product"}],"about":[{"href":"https:\/\/kervanmagazacilik.com\/index.php\/wp-json\/wp\/v2\/types\/product"}],"wp:featuredmedia":[{"embeddable":true,"href":"https:\/\/kervanmagazacilik.com\/index.php\/wp-json\/wp\/v2\/media\/6878"}],"wp:attachment":[{"href":"https:\/\/kervanmagazacilik.com\/index.php\/wp-json\/wp\/v2\/media?parent=6877"}],"wp:term":[{"taxonomy":"product_brand","embeddable":true,"href":"https:\/\/kervanmagazacilik.com\/index.php\/wp-json\/wp\/v2\/product_brand?post=6877"},{"taxonomy":"product_cat","embeddable":true,"href":"https:\/\/kervanmagazacilik.com\/index.php\/wp-json\/wp\/v2\/product_cat?post=6877"},{"taxonomy":"product_tag","embeddable":true,"href":"https:\/\/kervanmagazacilik.com\/index.php\/wp-json\/wp\/v2\/product_tag?post=6877"}],"curies":[{"name":"wp","href":"https:\/\/api.w.org\/{rel}","templated":true}]}}